{"id":1019,"date":"2024-08-09T11:24:42","date_gmt":"2024-08-09T14:24:42","guid":{"rendered":"https:\/\/imunova.com.br\/?page_id=1019"},"modified":"2024-08-09T11:30:29","modified_gmt":"2024-08-09T14:30:29","slug":"analise-metagenomica","status":"publish","type":"page","link":"https:\/\/imunova.com.br\/en\/analise-metagenomica\/","title":{"rendered":"An\u00e1lise Metagen\u00f4mica"},"content":{"rendered":"<div data-elementor-type=\"wp-page\" data-elementor-id=\"1019\" class=\"elementor elementor-1019\">\n\t\t\t\t\t\t<div class=\"elementor-inner\">\n\t\t\t\t<div class=\"elementor-section-wrap\">\n\t\t\t\t\t\t\t\t\t<section class=\"elementor-section elementor-top-section elementor-element elementor-element-3c408a4a elementor-section-boxed elementor-section-height-default elementor-section-height-default\" data-id=\"3c408a4a\" data-element_type=\"section\">\n\t\t\t\t\t\t<div class=\"elementor-container elementor-column-gap-default\">\n\t\t\t\t\t\t\t<div class=\"elementor-row\">\n\t\t\t\t\t<div class=\"elementor-column elementor-col-100 elementor-top-column elementor-element elementor-element-2b091864\" data-id=\"2b091864\" data-element_type=\"column\">\n\t\t\t<div class=\"elementor-column-wrap elementor-element-populated\">\n\t\t\t\t\t\t\t<div class=\"elementor-widget-wrap\">\n\t\t\t\t\t\t<div class=\"elementor-element elementor-element-6562ffb2 elementor-widget elementor-widget-text-editor\" data-id=\"6562ffb2\" data-element_type=\"widget\" data-widget_type=\"text-editor.default\">\n\t\t\t\t<div class=\"elementor-widget-container\">\n\t\t\t\t\t\t\t\t<div class=\"elementor-text-editor elementor-clearfix\">\n\t\t\t\t<h1><a href=\"https:\/\/imunova.com.br\/wp-content\/uploads\/2024\/08\/Amostra_Randomica_Krona.html\">Amostra_Randomica_Krona<\/a><\/h1>\t\t\t\t\t<\/div>\n\t\t\t\t\t\t<\/div>\n\t\t\t\t<\/div>\n\t\t\t\t\t\t<\/div>\n\t\t\t\t\t<\/div>\n\t\t<\/div>\n\t\t\t\t\t\t\t\t<\/div>\n\t\t\t\t\t<\/div>\n\t\t<\/section>\n\t\t\t\t\t\t\t\t\t<\/div>\n\t\t\t<\/div>\n\t\t\t\t\t<\/div>","protected":false},"excerpt":{"rendered":"<p>Amostra_Randomica_Krona<\/p>","protected":false},"author":3,"featured_media":0,"parent":0,"menu_order":0,"comment_status":"closed","ping_status":"closed","template":"","meta":[],"yoast_head":"<!-- This site is optimized with the Yoast SEO plugin v20.12 - https:\/\/yoast.com\/wordpress\/plugins\/seo\/ -->\n<title>An\u00e1lise Metagen\u00f4mica - Imunova<\/title>\n<meta name=\"robots\" content=\"index, follow, max-snippet:-1, max-image-preview:large, max-video-preview:-1\" \/>\n<link rel=\"canonical\" href=\"https:\/\/imunova.com.br\/en\/analise-metagenomica\/\" \/>\n<meta property=\"og:locale\" content=\"en_US\" \/>\n<meta property=\"og:type\" content=\"article\" \/>\n<meta property=\"og:title\" content=\"An\u00e1lise Metagen\u00f4mica - Imunova\" \/>\n<meta property=\"og:description\" content=\"Amostra_Randomica_Krona\" \/>\n<meta property=\"og:url\" content=\"https:\/\/imunova.com.br\/en\/analise-metagenomica\/\" \/>\n<meta property=\"og:site_name\" content=\"Imunova\" \/>\n<meta property=\"article:modified_time\" content=\"2024-08-09T14:30:29+00:00\" \/>\n<meta name=\"twitter:card\" content=\"summary_large_image\" \/>\n<meta name=\"twitter:label1\" content=\"Est. reading time\" \/>\n\t<meta name=\"twitter:data1\" content=\"1 minute\" \/>\n<script type=\"application\/ld+json\" class=\"yoast-schema-graph\">{\"@context\":\"https:\/\/schema.org\",\"@graph\":[{\"@type\":\"WebPage\",\"@id\":\"https:\/\/imunova.com.br\/analise-metagenomica\/\",\"url\":\"https:\/\/imunova.com.br\/analise-metagenomica\/\",\"name\":\"An\u00e1lise Metagen\u00f4mica - Imunova\",\"isPartOf\":{\"@id\":\"https:\/\/imunova.com.br\/#website\"},\"datePublished\":\"2024-08-09T14:24:42+00:00\",\"dateModified\":\"2024-08-09T14:30:29+00:00\",\"breadcrumb\":{\"@id\":\"https:\/\/imunova.com.br\/analise-metagenomica\/#breadcrumb\"},\"inLanguage\":\"en-US\",\"potentialAction\":[{\"@type\":\"ReadAction\",\"target\":[\"https:\/\/imunova.com.br\/analise-metagenomica\/\"]}]},{\"@type\":\"BreadcrumbList\",\"@id\":\"https:\/\/imunova.com.br\/analise-metagenomica\/#breadcrumb\",\"itemListElement\":[{\"@type\":\"ListItem\",\"position\":1,\"name\":\"In\u00edcio\",\"item\":\"https:\/\/imunova.com.br\/\"},{\"@type\":\"ListItem\",\"position\":2,\"name\":\"An\u00e1lise Metagen\u00f4mica\"}]},{\"@type\":\"WebSite\",\"@id\":\"https:\/\/imunova.com.br\/#website\",\"url\":\"https:\/\/imunova.com.br\/\",\"name\":\"Imunova\",\"description\":\"Solu\u00e7\u00f5es biotecnol\u00f3gicas em produtos e diagn\u00f3stico\",\"publisher\":{\"@id\":\"https:\/\/imunova.com.br\/#organization\"},\"potentialAction\":[{\"@type\":\"SearchAction\",\"target\":{\"@type\":\"EntryPoint\",\"urlTemplate\":\"https:\/\/imunova.com.br\/?s={search_term_string}\"},\"query-input\":\"required name=search_term_string\"}],\"inLanguage\":\"en-US\"},{\"@type\":\"Organization\",\"@id\":\"https:\/\/imunova.com.br\/#organization\",\"name\":\"Imunova\",\"url\":\"https:\/\/imunova.com.br\/\",\"logo\":{\"@type\":\"ImageObject\",\"inLanguage\":\"en-US\",\"@id\":\"https:\/\/imunova.com.br\/#\/schema\/logo\/image\/\",\"url\":\"https:\/\/imunova.com.br\/wp-content\/uploads\/2023\/02\/logo-imunova-color.png\",\"contentUrl\":\"https:\/\/imunova.com.br\/wp-content\/uploads\/2023\/02\/logo-imunova-color.png\",\"width\":4063,\"height\":936,\"caption\":\"Imunova\"},\"image\":{\"@id\":\"https:\/\/imunova.com.br\/#\/schema\/logo\/image\/\"}}]}<\/script>\n<!-- \/ Yoast SEO plugin. -->","yoast_head_json":{"title":"An\u00e1lise Metagen\u00f4mica - Imunova","robots":{"index":"index","follow":"follow","max-snippet":"max-snippet:-1","max-image-preview":"max-image-preview:large","max-video-preview":"max-video-preview:-1"},"canonical":"https:\/\/imunova.com.br\/en\/analise-metagenomica\/","og_locale":"en_US","og_type":"article","og_title":"An\u00e1lise Metagen\u00f4mica - Imunova","og_description":"Amostra_Randomica_Krona","og_url":"https:\/\/imunova.com.br\/en\/analise-metagenomica\/","og_site_name":"Imunova","article_modified_time":"2024-08-09T14:30:29+00:00","twitter_card":"summary_large_image","twitter_misc":{"Est. reading time":"1 minute"},"schema":{"@context":"https:\/\/schema.org","@graph":[{"@type":"WebPage","@id":"https:\/\/imunova.com.br\/analise-metagenomica\/","url":"https:\/\/imunova.com.br\/analise-metagenomica\/","name":"An\u00e1lise Metagen\u00f4mica - Imunova","isPartOf":{"@id":"https:\/\/imunova.com.br\/#website"},"datePublished":"2024-08-09T14:24:42+00:00","dateModified":"2024-08-09T14:30:29+00:00","breadcrumb":{"@id":"https:\/\/imunova.com.br\/analise-metagenomica\/#breadcrumb"},"inLanguage":"en-US","potentialAction":[{"@type":"ReadAction","target":["https:\/\/imunova.com.br\/analise-metagenomica\/"]}]},{"@type":"BreadcrumbList","@id":"https:\/\/imunova.com.br\/analise-metagenomica\/#breadcrumb","itemListElement":[{"@type":"ListItem","position":1,"name":"In\u00edcio","item":"https:\/\/imunova.com.br\/"},{"@type":"ListItem","position":2,"name":"An\u00e1lise Metagen\u00f4mica"}]},{"@type":"WebSite","@id":"https:\/\/imunova.com.br\/#website","url":"https:\/\/imunova.com.br\/","name":"Imunova","description":"Solu\u00e7\u00f5es biotecnol\u00f3gicas em produtos e diagn\u00f3stico","publisher":{"@id":"https:\/\/imunova.com.br\/#organization"},"potentialAction":[{"@type":"SearchAction","target":{"@type":"EntryPoint","urlTemplate":"https:\/\/imunova.com.br\/?s={search_term_string}"},"query-input":"required name=search_term_string"}],"inLanguage":"en-US"},{"@type":"Organization","@id":"https:\/\/imunova.com.br\/#organization","name":"Imunova","url":"https:\/\/imunova.com.br\/","logo":{"@type":"ImageObject","inLanguage":"en-US","@id":"https:\/\/imunova.com.br\/#\/schema\/logo\/image\/","url":"https:\/\/imunova.com.br\/wp-content\/uploads\/2023\/02\/logo-imunova-color.png","contentUrl":"https:\/\/imunova.com.br\/wp-content\/uploads\/2023\/02\/logo-imunova-color.png","width":4063,"height":936,"caption":"Imunova"},"image":{"@id":"https:\/\/imunova.com.br\/#\/schema\/logo\/image\/"}}]}},"_links":{"self":[{"href":"https:\/\/imunova.com.br\/en\/wp-json\/wp\/v2\/pages\/1019"}],"collection":[{"href":"https:\/\/imunova.com.br\/en\/wp-json\/wp\/v2\/pages"}],"about":[{"href":"https:\/\/imunova.com.br\/en\/wp-json\/wp\/v2\/types\/page"}],"author":[{"embeddable":true,"href":"https:\/\/imunova.com.br\/en\/wp-json\/wp\/v2\/users\/3"}],"replies":[{"embeddable":true,"href":"https:\/\/imunova.com.br\/en\/wp-json\/wp\/v2\/comments?post=1019"}],"version-history":[{"count":12,"href":"https:\/\/imunova.com.br\/en\/wp-json\/wp\/v2\/pages\/1019\/revisions"}],"predecessor-version":[{"id":1035,"href":"https:\/\/imunova.com.br\/en\/wp-json\/wp\/v2\/pages\/1019\/revisions\/1035"}],"wp:attachment":[{"href":"https:\/\/imunova.com.br\/en\/wp-json\/wp\/v2\/media?parent=1019"}],"curies":[{"name":"wp","href":"https:\/\/api.w.org\/{rel}","templated":true}]}}