{"id":3,"date":"2021-01-05T16:36:21","date_gmt":"2021-01-05T19:36:21","guid":{"rendered":"https:\/\/imunova.actionlabs.com.br\/?page_id=3"},"modified":"2023-08-10T11:55:06","modified_gmt":"2023-08-10T14:55:06","slug":"politica-de-privacidade","status":"publish","type":"page","link":"https:\/\/imunova.com.br\/en\/politica-de-privacidade\/","title":{"rendered":"Pol\u00edtica de privacidade"},"content":{"rendered":"<p><strong>POL\u00cdTICA DE PRIVACIDADE E USO DE DADOS PESSOAIS<\/strong><\/p>\n\n\n\n<p><em>Atualiza\u00e7\u00e3o: 03\/08\/2023<\/em><\/p>\n\n\n\n<p>Bem-vindo(a)! Obrigado por utilizar a plataforma da IMUNOVA AN\u00c1LISES BIOL\u00d3GICAS.<\/p>\n\n\n\n<p>Quando voc\u00ea usa nosso website ou nossa plataforma, est\u00e1 confiando a n\u00f3s seus dados e suas informa\u00e7\u00f5es, e n\u00f3s nos comprometemos a manter esses dados protegidos por meio de sistemas de prote\u00e7\u00e3o.<\/p>\n\n\n\n<p>Esta pol\u00edtica de privacidade explica de maneira clara e acess\u00edvel como e quais informa\u00e7\u00f5es e dados coletamos pelos nossos sistemas.<\/p>\n\n\n\n<p>A aceita\u00e7\u00e3o da nossa pol\u00edtica ser\u00e1 feita quando voc\u00ea acessar ou utilizar o nosso website, a nossa plataforma ou os nossos servi\u00e7os como o de newsletter. Isso indicar\u00e1 que voc\u00ea est\u00e1 ciente e de acordo com a forma como utilizaremos as suas informa\u00e7\u00f5es e os seus dados.<\/p>\n\n\n\n<p>Para explicar da forma mais clara poss\u00edvel, a presente pol\u00edtica est\u00e1 dividida da seguinte forma:<\/p>\n\n\n\n<p>\u2022 Quais informa\u00e7\u00f5es a IMUNOVA AN\u00c1LISES BIOL\u00d3GICAS coleta?<\/p>\n\n\n\n<p>\u2022 Como a IMUNOVA AN\u00c1LISES BIOL\u00d3GICAS utiliza meus dados?<\/p>\n\n\n\n<p>\u2022 Exclus\u00e3o dos dados;<\/p>\n\n\n\n<p>\u2022 Compartilhamento de informa\u00e7\u00f5es;<\/p>\n\n\n\n<p>\u2022 Hospedagem e seguran\u00e7a;<\/p>\n\n\n\n<p>\u2022 Atualiza\u00e7\u00e3o da pol\u00edtica de privacidade e uso de dados pessoais; e<\/p>\n\n\n\n<p>\u2022 Lei aplic\u00e1vel.<\/p>\n\n\n\n<p><strong>Quais informa\u00e7\u00f5es a IMUNOVA AN\u00c1LISES BIOL\u00d3GICAS coleta?<\/strong><\/p>\n\n\n\n<p>N\u00f3s coletamos informa\u00e7\u00f5es que voc\u00ea nos fornece, como:<\/p>\n\n\n\n<p>\u2022 <strong><u>informa\u00e7\u00f5es pessoais<\/u><\/strong> \u2013 quando voc\u00ea se cadastra em nosso website ou plataforma, voc\u00ea fornece informa\u00e7\u00f5es como nome, endere\u00e7o de e-mail, n\u00famero de telefone, profiss\u00e3o e empresa onde trabalha;<\/p>\n\n\n\n<p>\u2022 <strong><u>dados pessoais sens\u00edveis<\/u><\/strong> \u2013 N\u00c3O ser\u00e3o coletados dados como informa\u00e7\u00f5es de faturamento, orienta\u00e7\u00e3o sexual, origem racial ou \u00e9tnica, convic\u00e7\u00e3o religiosa, opini\u00e3o pol\u00edtica, filia\u00e7\u00e3o a sindicato ou a organiza\u00e7\u00e3o de car\u00e1ter religioso, filos\u00f3fico ou pol\u00edtico, que s\u00e3o considerados sens\u00edveis.<\/p>\n\n\n\n<p>Resumindo, coletamos todas as informa\u00e7\u00f5es disponibilizadas ativamente e voluntariamente por voc\u00ea na utiliza\u00e7\u00e3o do nosso website ou da nossa plataforma. N\u00f3s poderemos tamb\u00e9m coletar informa\u00e7\u00f5es demogr\u00e1ficas, como informa\u00e7\u00f5es de seu neg\u00f3cio ou empresa, interesses, prefer\u00eancias e localiza\u00e7\u00e3o geogr\u00e1fica, que poder\u00e3o ser fornecidos sempre de forma volunt\u00e1ria.<\/p>\n\n\n\n<p>N\u00f3s poderemos buscar seu consentimento expl\u00edcito para tratar certos dados pessoais coletados em nosso website ou na nossa plataforma, ou voluntariados por voc\u00ea. Por favor, note que qualquer consentimento ser\u00e1 volunt\u00e1rio.<\/p>\n\n\n\n<p>Caso voc\u00ea n\u00e3o forne\u00e7a o consentimento solicitado para o tratamento de seus dados pessoais ou caso voc\u00ea posteriormente informe a IMUNOVA AN\u00c1LISES BIOL\u00d3GICAS que voc\u00ea n\u00e3o deseja a continuidade do tratamento de seus dados pessoais, o uso (cont\u00ednuo) de certas ofertas ou servi\u00e7os por meio de nossos newsletters poder\u00e1 n\u00e3o ser poss\u00edvel.<\/p>\n\n\n\n<p>N\u00f3s poderemos coletar informa\u00e7\u00f5es sobre suas visitas ao nosso website, incluindo as p\u00e1ginas visualizadas por voc\u00ea, os links e as propagandas em que voc\u00ea clica, termos de pesquisa digitados por voc\u00ea e outras a\u00e7\u00f5es tomadas por voc\u00ea relacionadas a nossa plataforma.<\/p>\n\n\n\n<p>N\u00f3s poderemos tamb\u00e9m coletar certas informa\u00e7\u00f5es quando voc\u00ea visita este website, como seu endere\u00e7o de protocolo de internet (IP), tipo de browser e linguagem, n\u00famero de acessos, tempo de navega\u00e7\u00e3o, tipo de conex\u00e3o de rede (por exemplo, WiFi, 3G, LTE), localizador uniforme de recursos (URL) do website que o direcionou ao nosso website e para qual URL voc\u00ea \u00e9 direcionado se clicar em um link em nossos websites.<\/p>\n\n\n\n<p>N\u00f3s poderemos tamb\u00e9m coletar informa\u00e7\u00f5es quando voc\u00ea abrir mensagens de e-mail enviadas pela IMUNOVA AN\u00c1LISES BIOL\u00d3GICAS ou clicar em links presentes nessas mensagens de e-mail. N\u00f3s poderemos combinar a informa\u00e7\u00e3o que coletamos como resultados de suas intera\u00e7\u00f5es conosco com informa\u00e7\u00f5es obtidas por meio de outras fontes (como empresas parceiras, afiliadas ou subsidi\u00e1rias) por v\u00e1rias raz\u00f5es inclusive para oferecer a voc\u00ea uma experi\u00eancia mais consistente e personalizada conosco. N\u00f3s poderemos tamb\u00e9m suplementar as informa\u00e7\u00f5es que coletamos com informa\u00e7\u00f5es obtidas de outras fontes.<\/p>\n\n\n\n<p>Por meio dessa pol\u00edtica, voc\u00ea concorda expressamente com a coleta, o uso e o compartilhamento desses dados nos termos aqui estabelecidos.<\/p>\n\n\n\n<p><strong>Como a IMUNOVA AN\u00c1LISES BIOL\u00d3GICAS utiliza seus dados?<\/strong><\/p>\n\n\n\n<p>N\u00f3s, da IMUNOVA AN\u00c1LISES BIOL\u00d3GICAS, prezamos muito pela sua privacidade. Por isso, todos os dados e informa\u00e7\u00f5es sobre voc\u00ea s\u00e3o tratados como confidenciais, e somente utilizaremos essas informa\u00e7\u00f5es para os fins aqui descritos e autorizados por voc\u00ea para que voc\u00ea possa utilizar os servi\u00e7os da IMUNOVA AN\u00c1LISES BIOL\u00d3GICAS de forma plena, visando sempre melhorar a sua experi\u00eancia como cliente.<\/p>\n\n\n\n<p>Por meio desta pol\u00edtica, a IMUNOVA AN\u00c1LISES BIOL\u00d3GICAS fica autorizada a utilizar seus dados para:<\/p>\n\n\n\n<p>\u2022 permitir acesso a recursos e funcionalidades do ambiente da IMUNOVA AN\u00c1LISES BIOL\u00d3GICAS;<\/p>\n\n\n\n<p>\u2022 enviar mensagens como alertas, notifica\u00e7\u00f5es e atualiza\u00e7\u00f5es (incluindo aquelas anunciando mudan\u00e7as em nossos termos e pol\u00edticas);<\/p>\n\n\n\n<p>\u2022 comunicar sobre produtos, servi\u00e7os, promo\u00e7\u00f5es, not\u00edcias, eventos, atualiza\u00e7\u00f5es, pesquisas, ofertas, eventos e outros assuntos em que voc\u00ea possa ter interesse, dispon\u00edveis em nosso portf\u00f3lio e empresas afiliadas ou subsidi\u00e1rias,<\/p>\n\n\n\n<p>\u2022 personalizar servi\u00e7os para que possam se adequar cada vez mais aos seus gostos e interesses;<\/p>\n\n\n\n<p>\u2022 manter e melhorar nossos servi\u00e7os ou criar novos servi\u00e7os, produtos e funcionalidades;<\/p>\n\n\n\n<p>\u2022 administrar, customizar, personalizar, analisar e melhorar nossos produtos e servi\u00e7os (incluindo o conte\u00fado e an\u00fancios de nosso website e nossa plataforma), tecnologias, comunica\u00e7\u00f5es e relacionamentos com voc\u00ea;<\/p>\n\n\n\n<p>\u2022 entender melhor o seu comportamento e construir perfis comportamentais;<\/p>\n\n\n\n<p>\u2022 entregar produtos e suporte ou realizar as transa\u00e7\u00f5es que voc\u00ea solicitou;<\/p>\n\n\n\n<p>\u2022 prevenir fraude e outras atividades proibidas ou ilegais;<\/p>\n\n\n\n<p>\u2022 proteger a seguran\u00e7a ou integridade de nosso website e nossa plataforma, nosso neg\u00f3cio e nossos produtos e servi\u00e7os;<\/p>\n\n\n\n<p>\u2022 ou qualquer outra forma conforme divulgado a voc\u00ea no ponto de coleta ou como requerido ou permitido por lei.<\/p>\n\n\n\n<p>Eventualmente, poderemos utilizar dados para finalidades n\u00e3o previstas nesta pol\u00edtica de privacidade, mas estas estar\u00e3o dentro das suas leg\u00edtimas expectativas.<\/p>\n\n\n\n<p>Eventual uso dos seus dados para finalidades que n\u00e3o cumpram com essa prerrogativa ser\u00e1 feito mediante sua pr\u00e9via autoriza\u00e7\u00e3o.<\/p>\n\n\n\n<p><strong>Exclus\u00e3o dos dados<\/strong><\/p>\n\n\n\n<p>Para retirar o seu consentimento voc\u00ea deve entrar em contato pelo e-mail imunova@imunova.com.br. A qualquer momento voc\u00ea pode desativar as Ferramentas de Coleta, acessando as configura\u00e7\u00f5es do navegador. No entanto, a desativa\u00e7\u00e3o das Ferramentas de Coleta pode fazer com que voc\u00ea n\u00e3o tenha acesso a alguns recursos que fazem com que sua experi\u00eancia seja mais eficaz e alguns dos nossos servi\u00e7os e recursos podem n\u00e3o funcionar de forma adequada.&nbsp;<\/p>\n\n\n\n<p><strong>Compartilhamento de informa\u00e7\u00f5es<\/strong><\/p>\n\n\n\n<p>Para os fins desta pol\u00edtica de privacidade, \u201cafiliadas\u201d s\u00e3o entidades legais de propriedade ou controladas pela mesma entidade que a IMUNOVA AN\u00c1LISES BIOL\u00d3GICAS. \u201cParceiros comerciais\u201d s\u00e3o subcontratados, anunciantes, patrocinadores e provedores de servi\u00e7os ou outras entidades com as quais mantemos rela\u00e7\u00f5es comerciais para fornecimento de produtos, servi\u00e7os ou informa\u00e7\u00f5es, assim como nossos distribuidores e revendedores.<\/p>\n\n\n\n<p>A IMUNOVA AN\u00c1LISES BIOL\u00d3GICAS pode compartilhar as informa\u00e7\u00f5es que coleta a afiliadas e parceiros comerciais, sempre que necess\u00e1rio para as finalidades previstas nesta pol\u00edtica, para fazer com que nossa atividade atenda melhor \u00e0s suas necessidades, para fornecer a voc\u00ea informa\u00e7\u00f5es sobre nossos produtos e servi\u00e7os, ou para pesquisa e an\u00e1lise, e sempre que poss\u00edvel de forma an\u00f4nima, visando a preservar a sua privacidade.<\/p>\n\n\n\n<p>N\u00f3s compartilharemos apenas dados pessoais com parceiros que compartilham do nosso compromisso com a prote\u00e7\u00e3o dos dados pessoais. Por meio deste documento, voc\u00ea autoriza expressamente tais compartilhamentos.<\/p>\n\n\n\n<p>A IMUNOVA AN\u00c1LISES BIOL\u00d3GICAS usa servi\u00e7os de remarketing e ferramentas de an\u00e1lise de terceiros, como o Google Analytics, para ajudar a entender o uso do servi\u00e7o. Muitas dessas ferramentas coletam as informa\u00e7\u00f5es enviadas pelo seu navegador como parte de uma solicita\u00e7\u00e3o de p\u00e1gina da web, incluindo cookies e seu endere\u00e7o IP. Essas ferramentas de an\u00e1lise tamb\u00e9m recebem essas informa\u00e7\u00f5es e o uso delas \u00e9 regido por sua pol\u00edtica de privacidade.<\/p>\n\n\n\n<p>Todos os seus dados s\u00e3o confidenciais e somente as pessoas com as devidas autoriza\u00e7\u00f5es ter\u00e3o acesso a eles. Qualquer uso desses dados estar\u00e1 de acordo com a presente pol\u00edtica. A IMUNOVA AN\u00c1LISES BIOL\u00d3GICAS empreender\u00e1 todos os esfor\u00e7os razo\u00e1veis de mercado para garantir a seguran\u00e7a dos nossos sistemas e dos seus dados.<\/p>\n\n\n\n<p>Nossos servidores s\u00e3o protegidos e controlados para garantir a seguran\u00e7a e podem ser acessados somente por pessoas previamente autorizadas.<\/p>\n\n\n\n<p>Todas as suas informa\u00e7\u00f5es ser\u00e3o, sempre que poss\u00edvel, criptografadas, caso isso n\u00e3o inviabilize o seu uso pela plataforma. A qualquer momento voc\u00ea poder\u00e1 requisitar c\u00f3pia dos seus dados armazenados em nossos sistemas. Manteremos os dados e as informa\u00e7\u00f5es somente at\u00e9 quando estes forem necess\u00e1rios ou relevantes para as finalidades descritas nesta pol\u00edtica, ou em caso de per\u00edodos pr\u00e9-determinados por lei, ou at\u00e9 quando esses dados forem necess\u00e1rios para a manuten\u00e7\u00e3o de interesses leg\u00edtimos da IMUNOVA AN\u00c1LISES BIOL\u00d3GICAS.<\/p>\n\n\n\n<p><strong>Hospedagem e seguran\u00e7a<\/strong><\/p>\n\n\n\n<p>O website da IMUNOVA AN\u00c1LISES BIOL\u00d3GICAS \u00e9 hospedado em servidores internos que armazenam as suas informa\u00e7\u00f5es em bancos de dados e servidores seguros por firewall.<\/p>\n\n\n\n<p>A IMUNOVA AN\u00c1LISES BIOL\u00d3GICAS segue pol\u00edticas e controles internos para tentar garantir que os dados n\u00e3o sejam perdidos, destru\u00eddos acidentalmente, mal utilizados nem divulgados, e que s\u00f3 sejam acessados por pessoas capacitadas e autorizadas para esse fim.<\/p>\n\n\n\n<p>N\u00f3s abordamos a seguran\u00e7a em v\u00e1rios n\u00edveis, incluindo seguran\u00e7a f\u00edsica, seguran\u00e7a de rede, seguran\u00e7a de host, seguran\u00e7a de software e seguran\u00e7a de contas de usu\u00e1rios e mantemos pol\u00edticas internas de seguran\u00e7a em apoio a estas \u00e1reas.<\/p>\n\n\n\n<p>A transmiss\u00e3o de informa\u00e7\u00f5es via internet, e-mail ou mensagem de texto n\u00e3o \u00e9 totalmente segura. Embora fa\u00e7amos o melhor para proteger suas informa\u00e7\u00f5es pessoais, n\u00e3o podemos garantir a seguran\u00e7a de suas informa\u00e7\u00f5es transmitidas atrav\u00e9s dos servi\u00e7os ou por e-mail; qualquer transmiss\u00e3o \u00e9 por sua conta e risco. Uma vez recebidas suas informa\u00e7\u00f5es, tomaremos as medidas t\u00e9cnicas e organizacionais apropriadas para proteger suas informa\u00e7\u00f5es pessoais contra perda, roubo e uso n\u00e3o autorizado, acesso ou modifica\u00e7\u00e3o.<\/p>\n\n\n\n<p><strong>Atualiza\u00e7\u00e3o da pol\u00edtica de privacidade e uso de dados pessoais<\/strong><\/p>\n\n\n\n<p>A IMUNOVA AN\u00c1LISES BIOL\u00d3GICAS se reserva o direito de alterar essa pol\u00edtica quantas vezes forem necess\u00e1rias, visando fornecer a voc\u00ea mais seguran\u00e7a e conveni\u00eancia e melhorar cada vez mais a sua experi\u00eancia. \u00c9 por isso que \u00e9 muito importante que voc\u00ea acesse nossa pol\u00edtica periodicamente. Para facilitar, indicamos no in\u00edcio do documento a data da \u00faltima atualiza\u00e7\u00e3o. Caso sejam feitas altera\u00e7\u00f5es relevantes que ensejem novas autoriza\u00e7\u00f5es suas, publicaremos uma nova pol\u00edtica de privacidade, sujeita novamente ao seu consentimento.<\/p>\n\n\n\n<p><strong>Lei aplic\u00e1vel<\/strong><\/p>\n\n\n\n<p>Este documento \u00e9 regido e deve ser interpretado de acordo com as leis da Rep\u00fablica Federativa do Brasil. Revisamos regularmente esta Pol\u00edtica de Privacidade e nos certificamos de que processamos suas informa\u00e7\u00f5es de formas que est\u00e3o em conformidade com ela.<\/p>\n\n\n\n<p>Se voc\u00ea tiver quaisquer d\u00favidas sobre esta Pol\u00edtica de Privacidade, ou queira acessar, corrigir ou deletar qualquer informa\u00e7\u00e3o que tenhamos coletado sobre voc\u00ea, fique \u00e0 vontade para nos contatar pelo e-mail (imunova@imunova.com.br).<\/p>\n\n\n\n<p>O DPO da IMUNOVA AN\u00c1LISES BIOL\u00d3GICAS tem responsabilidade de monitorar a conformidade com as leis de privacidade, coordenar junto \u00e0s autoridades reguladoras e aos procedimentos internos o gerenciamento de dados pessoais. Em caso de d\u00favidas, preocupa\u00e7\u00f5es ou reclama\u00e7\u00f5es relacionadas \u00e0 prote\u00e7\u00e3o de dados entre em contato com Rosangela Rodrigues \u2013 rosangela@imunova.com.br \u2013 (41) 3042 7007 \u2013 Rua Imaculada Concei\u00e7\u00e3o, 1430 \u2013 Curitiba-PR.<\/p>","protected":false},"excerpt":{"rendered":"<p>POL\u00cdTICA DE PRIVACIDADE E USO DE DADOS PESSOAIS Atualiza\u00e7\u00e3o: 03\/08\/2023 Bem-vindo(a)! Obrigado por utilizar a plataforma da IMUNOVA AN\u00c1LISES BIOL\u00d3GICAS. Quando voc\u00ea usa nosso website ou nossa plataforma, est\u00e1 confiando a n\u00f3s seus dados e suas informa\u00e7\u00f5es, e n\u00f3s nos comprometemos a manter esses dados protegidos por meio de sistemas de prote\u00e7\u00e3o. Esta pol\u00edtica de &#8230; <a title=\"Pol\u00edtica de privacidade\" class=\"read-more\" href=\"https:\/\/imunova.com.br\/en\/politica-de-privacidade\/\" aria-label=\"More on Pol\u00edtica de privacidade\">Read more<\/a><\/p>","protected":false},"author":1,"featured_media":0,"parent":0,"menu_order":0,"comment_status":"closed","ping_status":"open","template":"","meta":[],"yoast_head":"<!-- This site is optimized with the Yoast SEO plugin v20.12 - https:\/\/yoast.com\/wordpress\/plugins\/seo\/ -->\n<title>Pol\u00edtica de privacidade - Imunova<\/title>\n<meta name=\"robots\" content=\"index, follow, max-snippet:-1, max-image-preview:large, max-video-preview:-1\" \/>\n<link rel=\"canonical\" href=\"https:\/\/imunova.com.br\/en\/politica-de-privacidade\/\" \/>\n<meta property=\"og:locale\" content=\"en_US\" \/>\n<meta property=\"og:type\" content=\"article\" \/>\n<meta property=\"og:title\" content=\"Pol\u00edtica de privacidade - Imunova\" \/>\n<meta property=\"og:description\" content=\"POL\u00cdTICA DE PRIVACIDADE E USO DE DADOS PESSOAIS Atualiza\u00e7\u00e3o: 03\/08\/2023 Bem-vindo(a)! Obrigado por utilizar a plataforma da IMUNOVA AN\u00c1LISES BIOL\u00d3GICAS. Quando voc\u00ea usa nosso website ou nossa plataforma, est\u00e1 confiando a n\u00f3s seus dados e suas informa\u00e7\u00f5es, e n\u00f3s nos comprometemos a manter esses dados protegidos por meio de sistemas de prote\u00e7\u00e3o. Esta pol\u00edtica de ... Read more\" \/>\n<meta property=\"og:url\" content=\"https:\/\/imunova.com.br\/en\/politica-de-privacidade\/\" \/>\n<meta property=\"og:site_name\" content=\"Imunova\" \/>\n<meta property=\"article:modified_time\" content=\"2023-08-10T14:55:06+00:00\" \/>\n<meta name=\"twitter:card\" content=\"summary_large_image\" \/>\n<meta name=\"twitter:label1\" content=\"Est. reading time\" \/>\n\t<meta name=\"twitter:data1\" content=\"10 minutes\" \/>\n<script type=\"application\/ld+json\" class=\"yoast-schema-graph\">{\"@context\":\"https:\/\/schema.org\",\"@graph\":[{\"@type\":\"WebPage\",\"@id\":\"https:\/\/imunova.com.br\/politica-de-privacidade\/\",\"url\":\"https:\/\/imunova.com.br\/politica-de-privacidade\/\",\"name\":\"Pol\u00edtica de privacidade - Imunova\",\"isPartOf\":{\"@id\":\"https:\/\/imunova.com.br\/#website\"},\"datePublished\":\"2021-01-05T19:36:21+00:00\",\"dateModified\":\"2023-08-10T14:55:06+00:00\",\"breadcrumb\":{\"@id\":\"https:\/\/imunova.com.br\/politica-de-privacidade\/#breadcrumb\"},\"inLanguage\":\"en-US\",\"potentialAction\":[{\"@type\":\"ReadAction\",\"target\":[\"https:\/\/imunova.com.br\/politica-de-privacidade\/\"]}]},{\"@type\":\"BreadcrumbList\",\"@id\":\"https:\/\/imunova.com.br\/politica-de-privacidade\/#breadcrumb\",\"itemListElement\":[{\"@type\":\"ListItem\",\"position\":1,\"name\":\"In\u00edcio\",\"item\":\"https:\/\/imunova.com.br\/\"},{\"@type\":\"ListItem\",\"position\":2,\"name\":\"Pol\u00edtica de privacidade\"}]},{\"@type\":\"WebSite\",\"@id\":\"https:\/\/imunova.com.br\/#website\",\"url\":\"https:\/\/imunova.com.br\/\",\"name\":\"Imunova\",\"description\":\"Solu\u00e7\u00f5es biotecnol\u00f3gicas em produtos e diagn\u00f3stico\",\"publisher\":{\"@id\":\"https:\/\/imunova.com.br\/#organization\"},\"potentialAction\":[{\"@type\":\"SearchAction\",\"target\":{\"@type\":\"EntryPoint\",\"urlTemplate\":\"https:\/\/imunova.com.br\/?s={search_term_string}\"},\"query-input\":\"required name=search_term_string\"}],\"inLanguage\":\"en-US\"},{\"@type\":\"Organization\",\"@id\":\"https:\/\/imunova.com.br\/#organization\",\"name\":\"Imunova\",\"url\":\"https:\/\/imunova.com.br\/\",\"logo\":{\"@type\":\"ImageObject\",\"inLanguage\":\"en-US\",\"@id\":\"https:\/\/imunova.com.br\/#\/schema\/logo\/image\/\",\"url\":\"https:\/\/imunova.com.br\/wp-content\/uploads\/2023\/02\/logo-imunova-color.png\",\"contentUrl\":\"https:\/\/imunova.com.br\/wp-content\/uploads\/2023\/02\/logo-imunova-color.png\",\"width\":4063,\"height\":936,\"caption\":\"Imunova\"},\"image\":{\"@id\":\"https:\/\/imunova.com.br\/#\/schema\/logo\/image\/\"}}]}<\/script>\n<!-- \/ Yoast SEO plugin. -->","yoast_head_json":{"title":"Pol\u00edtica de privacidade - Imunova","robots":{"index":"index","follow":"follow","max-snippet":"max-snippet:-1","max-image-preview":"max-image-preview:large","max-video-preview":"max-video-preview:-1"},"canonical":"https:\/\/imunova.com.br\/en\/politica-de-privacidade\/","og_locale":"en_US","og_type":"article","og_title":"Pol\u00edtica de privacidade - Imunova","og_description":"POL\u00cdTICA DE PRIVACIDADE E USO DE DADOS PESSOAIS Atualiza\u00e7\u00e3o: 03\/08\/2023 Bem-vindo(a)! Obrigado por utilizar a plataforma da IMUNOVA AN\u00c1LISES BIOL\u00d3GICAS. Quando voc\u00ea usa nosso website ou nossa plataforma, est\u00e1 confiando a n\u00f3s seus dados e suas informa\u00e7\u00f5es, e n\u00f3s nos comprometemos a manter esses dados protegidos por meio de sistemas de prote\u00e7\u00e3o. Esta pol\u00edtica de ... Read more","og_url":"https:\/\/imunova.com.br\/en\/politica-de-privacidade\/","og_site_name":"Imunova","article_modified_time":"2023-08-10T14:55:06+00:00","twitter_card":"summary_large_image","twitter_misc":{"Est. reading time":"10 minutes"},"schema":{"@context":"https:\/\/schema.org","@graph":[{"@type":"WebPage","@id":"https:\/\/imunova.com.br\/politica-de-privacidade\/","url":"https:\/\/imunova.com.br\/politica-de-privacidade\/","name":"Pol\u00edtica de privacidade - Imunova","isPartOf":{"@id":"https:\/\/imunova.com.br\/#website"},"datePublished":"2021-01-05T19:36:21+00:00","dateModified":"2023-08-10T14:55:06+00:00","breadcrumb":{"@id":"https:\/\/imunova.com.br\/politica-de-privacidade\/#breadcrumb"},"inLanguage":"en-US","potentialAction":[{"@type":"ReadAction","target":["https:\/\/imunova.com.br\/politica-de-privacidade\/"]}]},{"@type":"BreadcrumbList","@id":"https:\/\/imunova.com.br\/politica-de-privacidade\/#breadcrumb","itemListElement":[{"@type":"ListItem","position":1,"name":"In\u00edcio","item":"https:\/\/imunova.com.br\/"},{"@type":"ListItem","position":2,"name":"Pol\u00edtica de privacidade"}]},{"@type":"WebSite","@id":"https:\/\/imunova.com.br\/#website","url":"https:\/\/imunova.com.br\/","name":"Imunova","description":"Solu\u00e7\u00f5es biotecnol\u00f3gicas em produtos e diagn\u00f3stico","publisher":{"@id":"https:\/\/imunova.com.br\/#organization"},"potentialAction":[{"@type":"SearchAction","target":{"@type":"EntryPoint","urlTemplate":"https:\/\/imunova.com.br\/?s={search_term_string}"},"query-input":"required name=search_term_string"}],"inLanguage":"en-US"},{"@type":"Organization","@id":"https:\/\/imunova.com.br\/#organization","name":"Imunova","url":"https:\/\/imunova.com.br\/","logo":{"@type":"ImageObject","inLanguage":"en-US","@id":"https:\/\/imunova.com.br\/#\/schema\/logo\/image\/","url":"https:\/\/imunova.com.br\/wp-content\/uploads\/2023\/02\/logo-imunova-color.png","contentUrl":"https:\/\/imunova.com.br\/wp-content\/uploads\/2023\/02\/logo-imunova-color.png","width":4063,"height":936,"caption":"Imunova"},"image":{"@id":"https:\/\/imunova.com.br\/#\/schema\/logo\/image\/"}}]}},"_links":{"self":[{"href":"https:\/\/imunova.com.br\/en\/wp-json\/wp\/v2\/pages\/3"}],"collection":[{"href":"https:\/\/imunova.com.br\/en\/wp-json\/wp\/v2\/pages"}],"about":[{"href":"https:\/\/imunova.com.br\/en\/wp-json\/wp\/v2\/types\/page"}],"author":[{"embeddable":true,"href":"https:\/\/imunova.com.br\/en\/wp-json\/wp\/v2\/users\/1"}],"replies":[{"embeddable":true,"href":"https:\/\/imunova.com.br\/en\/wp-json\/wp\/v2\/comments?post=3"}],"version-history":[{"count":1,"href":"https:\/\/imunova.com.br\/en\/wp-json\/wp\/v2\/pages\/3\/revisions"}],"predecessor-version":[{"id":922,"href":"https:\/\/imunova.com.br\/en\/wp-json\/wp\/v2\/pages\/3\/revisions\/922"}],"wp:attachment":[{"href":"https:\/\/imunova.com.br\/en\/wp-json\/wp\/v2\/media?parent=3"}],"curies":[{"name":"wp","href":"https:\/\/api.w.org\/{rel}","templated":true}]}}