{"id":429,"date":"2023-03-27T22:20:42","date_gmt":"2023-03-28T01:20:42","guid":{"rendered":"https:\/\/imunova.actionlabs.com.br\/?page_id=429"},"modified":"2025-02-13T18:37:23","modified_gmt":"2025-02-13T21:37:23","slug":"analises-laboratoriais","status":"publish","type":"page","link":"https:\/\/imunova.com.br\/en\/analises-laboratoriais\/","title":{"rendered":"Laboratory Analyses"},"content":{"rendered":"<div data-elementor-type=\"wp-page\" data-elementor-id=\"429\" class=\"elementor elementor-429\">\n\t\t\t\t\t\t<div class=\"elementor-inner\">\n\t\t\t\t<div class=\"elementor-section-wrap\">\n\t\t\t\t\t\t\t\t\t<section class=\"elementor-section elementor-top-section elementor-element elementor-element-780c121 elementor-section-content-middle elementor-section-full_width elementor-section-height-default elementor-section-height-default\" data-id=\"780c121\" data-element_type=\"section\" data-settings=\"{&quot;background_background&quot;:&quot;classic&quot;}\">\n\t\t\t\t\t\t\t<div class=\"elementor-background-overlay\"><\/div>\n\t\t\t\t\t\t\t<div class=\"elementor-container elementor-column-gap-no\">\n\t\t\t\t\t\t\t<div class=\"elementor-row\">\n\t\t\t\t\t<div class=\"elementor-column elementor-col-100 elementor-top-column elementor-element elementor-element-d6462f7\" data-id=\"d6462f7\" data-element_type=\"column\">\n\t\t\t<div class=\"elementor-column-wrap elementor-element-populated\">\n\t\t\t\t\t\t\t<div class=\"elementor-widget-wrap\">\n\t\t\t\t\t\t<section class=\"elementor-section elementor-inner-section elementor-element elementor-element-442fbbd elementor-section-boxed elementor-section-height-default elementor-section-height-default\" data-id=\"442fbbd\" data-element_type=\"section\">\n\t\t\t\t\t\t<div class=\"elementor-container elementor-column-gap-default\">\n\t\t\t\t\t\t\t<div class=\"elementor-row\">\n\t\t\t\t\t<div class=\"elementor-column elementor-col-100 elementor-inner-column elementor-element elementor-element-9ed1d61\" data-id=\"9ed1d61\" data-element_type=\"column\">\n\t\t\t<div class=\"elementor-column-wrap elementor-element-populated\">\n\t\t\t\t\t\t\t<div class=\"elementor-widget-wrap\">\n\t\t\t\t\t\t<div class=\"elementor-element elementor-element-496dc52 elementor-widget elementor-widget-theme-post-title elementor-page-title elementor-widget-heading\" data-id=\"496dc52\" data-element_type=\"widget\" data-widget_type=\"theme-post-title.default\">\n\t\t\t\t<div class=\"elementor-widget-container\">\n\t\t\t<h1 class=\"elementor-heading-title elementor-size-default\">Laboratory Analyses<\/h1>\t\t<\/div>\n\t\t\t\t<\/div>\n\t\t\t\t<div class=\"elementor-element elementor-element-5a33b33 elementor-widget elementor-widget-text-editor\" data-id=\"5a33b33\" data-element_type=\"widget\" data-widget_type=\"text-editor.default\">\n\t\t\t\t<div class=\"elementor-widget-container\">\n\t\t\t\t\t\t\t\t<div class=\"elementor-text-editor elementor-clearfix\">\n\t\t\t\t<p>Oferecemos an\u00e1lises laboratoriais especializadas para empresas criadoras de animais e produtoras de insumos. Consulte abaixo as listas com todos os servi\u00e7os dispon\u00edveis.\u00a0<\/p>\t\t\t\t\t<\/div>\n\t\t\t\t\t\t<\/div>\n\t\t\t\t<\/div>\n\t\t\t\t\t\t<\/div>\n\t\t\t\t\t<\/div>\n\t\t<\/div>\n\t\t\t\t\t\t\t\t<\/div>\n\t\t\t\t\t<\/div>\n\t\t<\/section>\n\t\t\t\t\t\t<\/div>\n\t\t\t\t\t<\/div>\n\t\t<\/div>\n\t\t\t\t\t\t\t\t<\/div>\n\t\t\t\t\t<\/div>\n\t\t<\/section>\n\t\t\t\t<section class=\"elementor-section elementor-top-section elementor-element elementor-element-e2033dd elementor-section-boxed elementor-section-height-default elementor-section-height-default\" data-id=\"e2033dd\" data-element_type=\"section\" data-settings=\"{&quot;background_background&quot;:&quot;classic&quot;}\">\n\t\t\t\t\t\t<div class=\"elementor-container elementor-column-gap-no\">\n\t\t\t\t\t\t\t<div class=\"elementor-row\">\n\t\t\t\t\t<div class=\"elementor-column elementor-col-100 elementor-top-column elementor-element elementor-element-719d00a\" data-id=\"719d00a\" data-element_type=\"column\">\n\t\t\t<div class=\"elementor-column-wrap elementor-element-populated\">\n\t\t\t\t\t\t\t<div class=\"elementor-widget-wrap\">\n\t\t\t\t\t\t<section class=\"elementor-section elementor-inner-section elementor-element elementor-element-b1d2ec4 elementor-section-content-middle elementor-section-boxed elementor-section-height-default elementor-section-height-default\" data-id=\"b1d2ec4\" data-element_type=\"section\">\n\t\t\t\t\t\t<div class=\"elementor-container elementor-column-gap-default\">\n\t\t\t\t\t\t\t<div class=\"elementor-row\">\n\t\t\t\t\t<div class=\"elementor-column elementor-col-25 elementor-inner-column elementor-element elementor-element-a5efb8c\" data-id=\"a5efb8c\" data-element_type=\"column\" data-settings=\"{&quot;background_background&quot;:&quot;classic&quot;}\">\n\t\t\t<div class=\"elementor-column-wrap elementor-element-populated\">\n\t\t\t\t\t<div class=\"elementor-background-overlay\"><\/div>\n\t\t\t\t\t\t\t<div class=\"elementor-widget-wrap\">\n\t\t\t\t\t\t<div class=\"elementor-element elementor-element-30feebe elementor-widget elementor-widget-heading\" data-id=\"30feebe\" data-element_type=\"widget\" data-widget_type=\"heading.default\">\n\t\t\t\t<div class=\"elementor-widget-container\">\n\t\t\t<h3 class=\"elementor-heading-title elementor-size-default\"><a href=\"https:\/\/imunova.com.br\/en\/analises-laboratoriais\/analises-bioquimicas\/\">Biochemical Analyses<\/a><\/h3>\t\t<\/div>\n\t\t\t\t<\/div>\n\t\t\t\t\t\t<\/div>\n\t\t\t\t\t<\/div>\n\t\t<\/div>\n\t\t\t\t<div class=\"elementor-column elementor-col-25 elementor-inner-column elementor-element elementor-element-488118b\" data-id=\"488118b\" data-element_type=\"column\" data-settings=\"{&quot;background_background&quot;:&quot;classic&quot;}\">\n\t\t\t<div class=\"elementor-column-wrap elementor-element-populated\">\n\t\t\t\t\t<div class=\"elementor-background-overlay\"><\/div>\n\t\t\t\t\t\t\t<div class=\"elementor-widget-wrap\">\n\t\t\t\t\t\t<div class=\"elementor-element elementor-element-fb2ce90 elementor-widget elementor-widget-heading\" data-id=\"fb2ce90\" data-element_type=\"widget\" data-widget_type=\"heading.default\">\n\t\t\t\t<div class=\"elementor-widget-container\">\n\t\t\t<h3 class=\"elementor-heading-title elementor-size-default\"><a href=\"https:\/\/imunova.com.br\/en\/analises-laboratoriais\/analises-histologicas\/\">Histological Analyses<\/a><\/h3>\t\t<\/div>\n\t\t\t\t<\/div>\n\t\t\t\t\t\t<\/div>\n\t\t\t\t\t<\/div>\n\t\t<\/div>\n\t\t\t\t<div class=\"elementor-column elementor-col-25 elementor-inner-column elementor-element elementor-element-5409f4a\" data-id=\"5409f4a\" data-element_type=\"column\" data-settings=\"{&quot;background_background&quot;:&quot;classic&quot;}\">\n\t\t\t<div class=\"elementor-column-wrap elementor-element-populated\">\n\t\t\t\t\t<div class=\"elementor-background-overlay\"><\/div>\n\t\t\t\t\t\t\t<div class=\"elementor-widget-wrap\">\n\t\t\t\t\t\t<div class=\"elementor-element elementor-element-eac24e0 elementor-widget elementor-widget-heading\" data-id=\"eac24e0\" data-element_type=\"widget\" data-widget_type=\"heading.default\">\n\t\t\t\t<div class=\"elementor-widget-container\">\n\t\t\t<h3 class=\"elementor-heading-title elementor-size-default\"><a href=\"https:\/\/imunova.com.br\/en\/analises-laboratoriais\/analises-microbiologicas\/\">Microbiological Analyses<\/a><\/h3>\t\t<\/div>\n\t\t\t\t<\/div>\n\t\t\t\t\t\t<\/div>\n\t\t\t\t\t<\/div>\n\t\t<\/div>\n\t\t\t\t<div class=\"elementor-column elementor-col-25 elementor-inner-column elementor-element elementor-element-a621486\" data-id=\"a621486\" data-element_type=\"column\" data-settings=\"{&quot;background_background&quot;:&quot;classic&quot;}\">\n\t\t\t<div class=\"elementor-column-wrap elementor-element-populated\">\n\t\t\t\t\t<div class=\"elementor-background-overlay\"><\/div>\n\t\t\t\t\t\t\t<div class=\"elementor-widget-wrap\">\n\t\t\t\t\t\t<div class=\"elementor-element elementor-element-0c4ec0e elementor-widget elementor-widget-heading\" data-id=\"0c4ec0e\" data-element_type=\"widget\" data-widget_type=\"heading.default\">\n\t\t\t\t<div class=\"elementor-widget-container\">\n\t\t\t<h3 class=\"elementor-heading-title elementor-size-default\"><a href=\"https:\/\/imunova.com.br\/en\/analises-laboratoriais\/analises-imunologicas\/\">Immunological Analyses<\/a><\/h3>\t\t<\/div>\n\t\t\t\t<\/div>\n\t\t\t\t\t\t<\/div>\n\t\t\t\t\t<\/div>\n\t\t<\/div>\n\t\t\t\t\t\t\t\t<\/div>\n\t\t\t\t\t<\/div>\n\t\t<\/section>\n\t\t\t\t<section class=\"elementor-section elementor-inner-section elementor-element elementor-element-414dfc4 elementor-section-content-middle elementor-section-boxed elementor-section-height-default elementor-section-height-default\" data-id=\"414dfc4\" data-element_type=\"section\">\n\t\t\t\t\t\t<div class=\"elementor-container elementor-column-gap-default\">\n\t\t\t\t\t\t\t<div class=\"elementor-row\">\n\t\t\t\t\t<div class=\"elementor-column elementor-col-25 elementor-inner-column elementor-element elementor-element-a138043\" data-id=\"a138043\" data-element_type=\"column\" data-settings=\"{&quot;background_background&quot;:&quot;classic&quot;}\">\n\t\t\t<div class=\"elementor-column-wrap elementor-element-populated\">\n\t\t\t\t\t<div class=\"elementor-background-overlay\"><\/div>\n\t\t\t\t\t\t\t<div class=\"elementor-widget-wrap\">\n\t\t\t\t\t\t<div class=\"elementor-element elementor-element-97fbfee elementor-widget elementor-widget-heading\" data-id=\"97fbfee\" data-element_type=\"widget\" data-widget_type=\"heading.default\">\n\t\t\t\t<div class=\"elementor-widget-container\">\n\t\t\t<h3 class=\"elementor-heading-title elementor-size-default\"><a href=\"https:\/\/imunova.com.br\/en\/analises-laboratoriais\/analises-moleculares\/\">Molecular Analyses<\/a><\/h3>\t\t<\/div>\n\t\t\t\t<\/div>\n\t\t\t\t\t\t<\/div>\n\t\t\t\t\t<\/div>\n\t\t<\/div>\n\t\t\t\t<div class=\"elementor-column elementor-col-25 elementor-inner-column elementor-element elementor-element-3485f40\" data-id=\"3485f40\" data-element_type=\"column\" data-settings=\"{&quot;background_background&quot;:&quot;classic&quot;}\">\n\t\t\t<div class=\"elementor-column-wrap elementor-element-populated\">\n\t\t\t\t\t<div class=\"elementor-background-overlay\"><\/div>\n\t\t\t\t\t\t\t<div class=\"elementor-widget-wrap\">\n\t\t\t\t\t\t<div class=\"elementor-element elementor-element-f52c90a elementor-widget elementor-widget-heading\" data-id=\"f52c90a\" data-element_type=\"widget\" data-widget_type=\"heading.default\">\n\t\t\t\t<div class=\"elementor-widget-container\">\n\t\t\t<h3 class=\"elementor-heading-title elementor-size-default\"><a href=\"https:\/\/imunova.com.br\/en\/analises-laboratoriais\/analises-redox\/\">Redox Analyses<\/a><\/h3>\t\t<\/div>\n\t\t\t\t<\/div>\n\t\t\t\t\t\t<\/div>\n\t\t\t\t\t<\/div>\n\t\t<\/div>\n\t\t\t\t<div class=\"elementor-column elementor-col-25 elementor-inner-column elementor-element elementor-element-e031d84\" data-id=\"e031d84\" data-element_type=\"column\" data-settings=\"{&quot;background_background&quot;:&quot;classic&quot;}\">\n\t\t\t<div class=\"elementor-column-wrap elementor-element-populated\">\n\t\t\t\t\t<div class=\"elementor-background-overlay\"><\/div>\n\t\t\t\t\t\t\t<div class=\"elementor-widget-wrap\">\n\t\t\t\t\t\t<div class=\"elementor-element elementor-element-616838e elementor-widget elementor-widget-heading\" data-id=\"616838e\" data-element_type=\"widget\" data-widget_type=\"heading.default\">\n\t\t\t\t<div class=\"elementor-widget-container\">\n\t\t\t<h3 class=\"elementor-heading-title elementor-size-default\"><a href=\"https:\/\/imunova.com.br\/en\/analises-laboratoriais\/outras-analises-laboratoriais\/\">Outros Servi\u00e7os<\/a><\/h3>\t\t<\/div>\n\t\t\t\t<\/div>\n\t\t\t\t\t\t<\/div>\n\t\t\t\t\t<\/div>\n\t\t<\/div>\n\t\t\t\t<div class=\"elementor-column elementor-col-25 elementor-inner-column elementor-element elementor-element-b3d7466\" data-id=\"b3d7466\" data-element_type=\"column\" data-settings=\"{&quot;background_background&quot;:&quot;classic&quot;}\">\n\t\t\t<div class=\"elementor-column-wrap elementor-element-populated\">\n\t\t\t\t\t<div class=\"elementor-background-overlay\"><\/div>\n\t\t\t\t\t\t\t<div class=\"elementor-widget-wrap\">\n\t\t\t\t\t\t<div class=\"elementor-element elementor-element-ff471c5 elementor-widget elementor-widget-heading\" data-id=\"ff471c5\" data-element_type=\"widget\" data-widget_type=\"heading.default\">\n\t\t\t\t<div class=\"elementor-widget-container\">\n\t\t\t<h3 class=\"elementor-heading-title elementor-size-default\"><a href=\"https:\/\/imunova.com.br\/en\/todas-analises\/\">See all<\/a><\/h3>\t\t<\/div>\n\t\t\t\t<\/div>\n\t\t\t\t\t\t<\/div>\n\t\t\t\t\t<\/div>\n\t\t<\/div>\n\t\t\t\t\t\t\t\t<\/div>\n\t\t\t\t\t<\/div>\n\t\t<\/section>\n\t\t\t\t\t\t<\/div>\n\t\t\t\t\t<\/div>\n\t\t<\/div>\n\t\t\t\t\t\t\t\t<\/div>\n\t\t\t\t\t<\/div>\n\t\t<\/section>\n\t\t\t\t\t\t\t\t\t<\/div>\n\t\t\t<\/div>\n\t\t\t\t\t<\/div>","protected":false},"excerpt":{"rendered":"<p>Oferecemos an\u00e1lises laboratoriais especializadas para empresas criadoras de animais e produtoras de insumos. Consulte abaixo as listas com todos os servi\u00e7os dispon\u00edveis.\u00a0 An\u00e1lises Bioqu\u00edmicas An\u00e1lises Histol\u00f3gicas An\u00e1lises Microbiol\u00f3gicas An\u00e1lises Imunol\u00f3gicas An\u00e1lises Moleculares An\u00e1lises Redox Outros Servi\u00e7os Ver todos<\/p>","protected":false},"author":1,"featured_media":0,"parent":0,"menu_order":0,"comment_status":"closed","ping_status":"closed","template":"elementor_header_footer","meta":[],"yoast_head":"<!-- This site is optimized with the Yoast SEO plugin v20.12 - https:\/\/yoast.com\/wordpress\/plugins\/seo\/ -->\n<title>An\u00e1lises Laboratoriais - Imunova<\/title>\n<meta name=\"robots\" content=\"index, follow, max-snippet:-1, max-image-preview:large, max-video-preview:-1\" \/>\n<link rel=\"canonical\" href=\"https:\/\/imunova.com.br\/en\/analises-laboratoriais\/\" \/>\n<meta property=\"og:locale\" content=\"en_US\" \/>\n<meta property=\"og:type\" content=\"article\" \/>\n<meta property=\"og:title\" content=\"An\u00e1lises Laboratoriais - Imunova\" \/>\n<meta property=\"og:description\" content=\"Oferecemos an\u00e1lises laboratoriais especializadas para empresas criadoras de animais e produtoras de insumos. Consulte abaixo as listas com todos os servi\u00e7os dispon\u00edveis.\u00a0 An\u00e1lises Bioqu\u00edmicas An\u00e1lises Histol\u00f3gicas An\u00e1lises Microbiol\u00f3gicas An\u00e1lises Imunol\u00f3gicas An\u00e1lises Moleculares An\u00e1lises Redox Outros Servi\u00e7os Ver todos\" \/>\n<meta property=\"og:url\" content=\"https:\/\/imunova.com.br\/en\/analises-laboratoriais\/\" \/>\n<meta property=\"og:site_name\" content=\"Imunova\" \/>\n<meta property=\"article:modified_time\" content=\"2025-02-13T21:37:23+00:00\" \/>\n<meta name=\"twitter:card\" content=\"summary_large_image\" \/>\n<meta name=\"twitter:label1\" content=\"Est. reading time\" \/>\n\t<meta name=\"twitter:data1\" content=\"1 minute\" \/>\n<script type=\"application\/ld+json\" class=\"yoast-schema-graph\">{\"@context\":\"https:\/\/schema.org\",\"@graph\":[{\"@type\":\"WebPage\",\"@id\":\"https:\/\/imunova.com.br\/analises-laboratoriais\/\",\"url\":\"https:\/\/imunova.com.br\/analises-laboratoriais\/\",\"name\":\"An\u00e1lises Laboratoriais - Imunova\",\"isPartOf\":{\"@id\":\"https:\/\/imunova.com.br\/#website\"},\"datePublished\":\"2023-03-28T01:20:42+00:00\",\"dateModified\":\"2025-02-13T21:37:23+00:00\",\"breadcrumb\":{\"@id\":\"https:\/\/imunova.com.br\/analises-laboratoriais\/#breadcrumb\"},\"inLanguage\":\"en-US\",\"potentialAction\":[{\"@type\":\"ReadAction\",\"target\":[\"https:\/\/imunova.com.br\/analises-laboratoriais\/\"]}]},{\"@type\":\"BreadcrumbList\",\"@id\":\"https:\/\/imunova.com.br\/analises-laboratoriais\/#breadcrumb\",\"itemListElement\":[{\"@type\":\"ListItem\",\"position\":1,\"name\":\"In\u00edcio\",\"item\":\"https:\/\/imunova.com.br\/\"},{\"@type\":\"ListItem\",\"position\":2,\"name\":\"An\u00e1lises Laboratoriais\"}]},{\"@type\":\"WebSite\",\"@id\":\"https:\/\/imunova.com.br\/#website\",\"url\":\"https:\/\/imunova.com.br\/\",\"name\":\"Imunova\",\"description\":\"Solu\u00e7\u00f5es biotecnol\u00f3gicas em produtos e diagn\u00f3stico\",\"publisher\":{\"@id\":\"https:\/\/imunova.com.br\/#organization\"},\"potentialAction\":[{\"@type\":\"SearchAction\",\"target\":{\"@type\":\"EntryPoint\",\"urlTemplate\":\"https:\/\/imunova.com.br\/?s={search_term_string}\"},\"query-input\":\"required name=search_term_string\"}],\"inLanguage\":\"en-US\"},{\"@type\":\"Organization\",\"@id\":\"https:\/\/imunova.com.br\/#organization\",\"name\":\"Imunova\",\"url\":\"https:\/\/imunova.com.br\/\",\"logo\":{\"@type\":\"ImageObject\",\"inLanguage\":\"en-US\",\"@id\":\"https:\/\/imunova.com.br\/#\/schema\/logo\/image\/\",\"url\":\"https:\/\/imunova.com.br\/wp-content\/uploads\/2023\/02\/logo-imunova-color.png\",\"contentUrl\":\"https:\/\/imunova.com.br\/wp-content\/uploads\/2023\/02\/logo-imunova-color.png\",\"width\":4063,\"height\":936,\"caption\":\"Imunova\"},\"image\":{\"@id\":\"https:\/\/imunova.com.br\/#\/schema\/logo\/image\/\"}}]}<\/script>\n<!-- \/ Yoast SEO plugin. -->","yoast_head_json":{"title":"An\u00e1lises Laboratoriais - Imunova","robots":{"index":"index","follow":"follow","max-snippet":"max-snippet:-1","max-image-preview":"max-image-preview:large","max-video-preview":"max-video-preview:-1"},"canonical":"https:\/\/imunova.com.br\/en\/analises-laboratoriais\/","og_locale":"en_US","og_type":"article","og_title":"An\u00e1lises Laboratoriais - Imunova","og_description":"Oferecemos an\u00e1lises laboratoriais especializadas para empresas criadoras de animais e produtoras de insumos. Consulte abaixo as listas com todos os servi\u00e7os dispon\u00edveis.\u00a0 An\u00e1lises Bioqu\u00edmicas An\u00e1lises Histol\u00f3gicas An\u00e1lises Microbiol\u00f3gicas An\u00e1lises Imunol\u00f3gicas An\u00e1lises Moleculares An\u00e1lises Redox Outros Servi\u00e7os Ver todos","og_url":"https:\/\/imunova.com.br\/en\/analises-laboratoriais\/","og_site_name":"Imunova","article_modified_time":"2025-02-13T21:37:23+00:00","twitter_card":"summary_large_image","twitter_misc":{"Est. reading time":"1 minute"},"schema":{"@context":"https:\/\/schema.org","@graph":[{"@type":"WebPage","@id":"https:\/\/imunova.com.br\/analises-laboratoriais\/","url":"https:\/\/imunova.com.br\/analises-laboratoriais\/","name":"An\u00e1lises Laboratoriais - Imunova","isPartOf":{"@id":"https:\/\/imunova.com.br\/#website"},"datePublished":"2023-03-28T01:20:42+00:00","dateModified":"2025-02-13T21:37:23+00:00","breadcrumb":{"@id":"https:\/\/imunova.com.br\/analises-laboratoriais\/#breadcrumb"},"inLanguage":"en-US","potentialAction":[{"@type":"ReadAction","target":["https:\/\/imunova.com.br\/analises-laboratoriais\/"]}]},{"@type":"BreadcrumbList","@id":"https:\/\/imunova.com.br\/analises-laboratoriais\/#breadcrumb","itemListElement":[{"@type":"ListItem","position":1,"name":"In\u00edcio","item":"https:\/\/imunova.com.br\/"},{"@type":"ListItem","position":2,"name":"An\u00e1lises Laboratoriais"}]},{"@type":"WebSite","@id":"https:\/\/imunova.com.br\/#website","url":"https:\/\/imunova.com.br\/","name":"Imunova","description":"Solu\u00e7\u00f5es biotecnol\u00f3gicas em produtos e diagn\u00f3stico","publisher":{"@id":"https:\/\/imunova.com.br\/#organization"},"potentialAction":[{"@type":"SearchAction","target":{"@type":"EntryPoint","urlTemplate":"https:\/\/imunova.com.br\/?s={search_term_string}"},"query-input":"required name=search_term_string"}],"inLanguage":"en-US"},{"@type":"Organization","@id":"https:\/\/imunova.com.br\/#organization","name":"Imunova","url":"https:\/\/imunova.com.br\/","logo":{"@type":"ImageObject","inLanguage":"en-US","@id":"https:\/\/imunova.com.br\/#\/schema\/logo\/image\/","url":"https:\/\/imunova.com.br\/wp-content\/uploads\/2023\/02\/logo-imunova-color.png","contentUrl":"https:\/\/imunova.com.br\/wp-content\/uploads\/2023\/02\/logo-imunova-color.png","width":4063,"height":936,"caption":"Imunova"},"image":{"@id":"https:\/\/imunova.com.br\/#\/schema\/logo\/image\/"}}]}},"_links":{"self":[{"href":"https:\/\/imunova.com.br\/en\/wp-json\/wp\/v2\/pages\/429"}],"collection":[{"href":"https:\/\/imunova.com.br\/en\/wp-json\/wp\/v2\/pages"}],"about":[{"href":"https:\/\/imunova.com.br\/en\/wp-json\/wp\/v2\/types\/page"}],"author":[{"embeddable":true,"href":"https:\/\/imunova.com.br\/en\/wp-json\/wp\/v2\/users\/1"}],"replies":[{"embeddable":true,"href":"https:\/\/imunova.com.br\/en\/wp-json\/wp\/v2\/comments?post=429"}],"version-history":[{"count":45,"href":"https:\/\/imunova.com.br\/en\/wp-json\/wp\/v2\/pages\/429\/revisions"}],"predecessor-version":[{"id":1072,"href":"https:\/\/imunova.com.br\/en\/wp-json\/wp\/v2\/pages\/429\/revisions\/1072"}],"wp:attachment":[{"href":"https:\/\/imunova.com.br\/en\/wp-json\/wp\/v2\/media?parent=429"}],"curies":[{"name":"wp","href":"https:\/\/api.w.org\/{rel}","templated":true}]}}