{"id":846,"date":"2023-08-07T17:06:39","date_gmt":"2023-08-07T20:06:39","guid":{"rendered":"https:\/\/dev.imunova.com.br\/?page_id=846"},"modified":"2023-08-07T18:02:55","modified_gmt":"2023-08-07T21:02:55","slug":"analises-redox","status":"publish","type":"page","link":"https:\/\/imunova.com.br\/en\/analises-laboratoriais\/analises-redox\/","title":{"rendered":"Redox Analyses"},"content":{"rendered":"<div data-elementor-type=\"wp-page\" data-elementor-id=\"846\" class=\"elementor elementor-846\">\n\t\t\t\t\t\t<div class=\"elementor-inner\">\n\t\t\t\t<div class=\"elementor-section-wrap\">\n\t\t\t\t\t\t\t\t\t<section class=\"elementor-section elementor-top-section elementor-element elementor-element-780c121 elementor-section-content-middle elementor-section-full_width elementor-section-height-default elementor-section-height-default\" data-id=\"780c121\" data-element_type=\"section\" data-settings=\"{&quot;background_background&quot;:&quot;classic&quot;}\">\n\t\t\t\t\t\t\t<div class=\"elementor-background-overlay\"><\/div>\n\t\t\t\t\t\t\t<div class=\"elementor-container elementor-column-gap-no\">\n\t\t\t\t\t\t\t<div class=\"elementor-row\">\n\t\t\t\t\t<div class=\"elementor-column elementor-col-100 elementor-top-column elementor-element elementor-element-d6462f7\" data-id=\"d6462f7\" data-element_type=\"column\">\n\t\t\t<div class=\"elementor-column-wrap elementor-element-populated\">\n\t\t\t\t\t\t\t<div class=\"elementor-widget-wrap\">\n\t\t\t\t\t\t<section class=\"elementor-section elementor-inner-section elementor-element elementor-element-442fbbd elementor-section-boxed elementor-section-height-default elementor-section-height-default\" data-id=\"442fbbd\" data-element_type=\"section\">\n\t\t\t\t\t\t<div class=\"elementor-container elementor-column-gap-default\">\n\t\t\t\t\t\t\t<div class=\"elementor-row\">\n\t\t\t\t\t<div class=\"elementor-column elementor-col-100 elementor-inner-column elementor-element elementor-element-9ed1d61\" data-id=\"9ed1d61\" data-element_type=\"column\">\n\t\t\t<div class=\"elementor-column-wrap elementor-element-populated\">\n\t\t\t\t\t\t\t<div class=\"elementor-widget-wrap\">\n\t\t\t\t\t\t<div class=\"elementor-element elementor-element-496dc52 elementor-widget elementor-widget-theme-post-title elementor-page-title elementor-widget-heading\" data-id=\"496dc52\" data-element_type=\"widget\" data-widget_type=\"theme-post-title.default\">\n\t\t\t\t<div class=\"elementor-widget-container\">\n\t\t\t<h1 class=\"elementor-heading-title elementor-size-default\">Redox Analyses<\/h1>\t\t<\/div>\n\t\t\t\t<\/div>\n\t\t\t\t<div class=\"elementor-element elementor-element-5a33b33 elementor-widget elementor-widget-text-editor\" data-id=\"5a33b33\" data-element_type=\"widget\" data-widget_type=\"text-editor.default\">\n\t\t\t\t<div class=\"elementor-widget-container\">\n\t\t\t\t\t\t\t\t<div class=\"elementor-text-editor elementor-clearfix\">\n\t\t\t\t<p>We provide specialized laboratory analyses for animal breeding companies and input manufacturers. Verify below the list with all the available analyses.\u00a0<\/p>\t\t\t\t\t<\/div>\n\t\t\t\t\t\t<\/div>\n\t\t\t\t<\/div>\n\t\t\t\t\t\t<\/div>\n\t\t\t\t\t<\/div>\n\t\t<\/div>\n\t\t\t\t\t\t\t\t<\/div>\n\t\t\t\t\t<\/div>\n\t\t<\/section>\n\t\t\t\t<div class=\"elementor-element elementor-element-aae732f elementor-widget elementor-widget-spacer\" data-id=\"aae732f\" data-element_type=\"widget\" data-widget_type=\"spacer.default\">\n\t\t\t\t<div class=\"elementor-widget-container\">\n\t\t\t\t\t<div class=\"elementor-spacer\">\n\t\t\t<div class=\"elementor-spacer-inner\"><\/div>\n\t\t<\/div>\n\t\t\t\t<\/div>\n\t\t\t\t<\/div>\n\t\t\t\t\t\t<\/div>\n\t\t\t\t\t<\/div>\n\t\t<\/div>\n\t\t\t\t\t\t\t\t<\/div>\n\t\t\t\t\t<\/div>\n\t\t<\/section>\n\t\t\t\t<section class=\"elementor-section elementor-top-section elementor-element elementor-element-4594175 elementor-section-boxed elementor-section-height-default elementor-section-height-default\" data-id=\"4594175\" data-element_type=\"section\" data-settings=\"{&quot;background_background&quot;:&quot;classic&quot;}\">\n\t\t\t\t\t\t<div class=\"elementor-container elementor-column-gap-no\">\n\t\t\t\t\t\t\t<div class=\"elementor-row\">\n\t\t\t\t\t<div class=\"elementor-column elementor-col-100 elementor-top-column elementor-element elementor-element-9e68353\" data-id=\"9e68353\" data-element_type=\"column\">\n\t\t\t<div class=\"elementor-column-wrap elementor-element-populated\">\n\t\t\t\t\t\t\t<div class=\"elementor-widget-wrap\">\n\t\t\t\t\t\t<section class=\"elementor-section elementor-inner-section elementor-element elementor-element-7b4fd54 elementor-section-boxed elementor-section-height-default elementor-section-height-default\" data-id=\"7b4fd54\" data-element_type=\"section\" data-settings=\"{&quot;background_background&quot;:&quot;classic&quot;}\">\n\t\t\t\t\t\t<div class=\"elementor-container elementor-column-gap-wide\">\n\t\t\t\t\t\t\t<div class=\"elementor-row\">\n\t\t\t\t\t<div class=\"elementor-column elementor-col-100 elementor-inner-column elementor-element elementor-element-3e1c0fb\" data-id=\"3e1c0fb\" data-element_type=\"column\">\n\t\t\t<div class=\"elementor-column-wrap elementor-element-populated\">\n\t\t\t\t\t\t\t<div class=\"elementor-widget-wrap\">\n\t\t\t\t\t\t<div class=\"elementor-element elementor-element-de4a72e elementor-widget elementor-widget-shortcode\" data-id=\"de4a72e\" data-element_type=\"widget\" data-widget_type=\"shortcode.default\">\n\t\t\t\t<div class=\"elementor-widget-container\">\n\t\t\t\t\t<div class=\"elementor-shortcode\">\n<table id=\"tablepress-7\" class=\"tablepress tablepress-id-7\">\n<thead>\n<tr class=\"row-1 odd\">\n\t<th class=\"column-1\">\u00c1REA<\/th><th class=\"column-2\">DESCRI\u00c7\u00c3O<\/th><th class=\"column-3\">ESP\u00c9CIE<\/th><th class=\"column-4\">MATERIAL<\/th><th class=\"column-5\">QUANTIDADE<\/th>\n<\/tr>\n<\/thead>\n<tbody class=\"row-hover\">\n<tr class=\"row-2 even\">\n\t<td class=\"column-1\">Redox Analyses<\/td><td class=\"column-2\">Compostos fen\u00f3licos (FEN) por Colorimetria<\/td><td class=\"column-3\">N.A.<\/td><td class=\"column-4\">\u00d3leos; Extratos e Ra\u00e7\u00e3o<\/td><td class=\"column-5\">4 mg ou 4 mL<\/td>\n<\/tr>\n<tr class=\"row-3 odd\">\n\t<td class=\"column-1\">Redox Analyses<\/td><td class=\"column-2\">Flavonoides (FLAV) por Colorimetria<\/td><td class=\"column-3\">N.A.<\/td><td class=\"column-4\">\u00d3leos; Extratos e Ra\u00e7\u00e3o<\/td><td class=\"column-5\">4 mg ou 4 mL<\/td>\n<\/tr>\n<tr class=\"row-4 even\">\n\t<td class=\"column-1\">Redox Analyses<\/td><td class=\"column-2\">Per\u00f3xido de Hidrog\u00eanio (H2O2) por Colorimetria<\/td><td class=\"column-3\">N.A.<\/td><td class=\"column-4\">\u00d3leos; Extratos e Ra\u00e7\u00e3o<\/td><td class=\"column-5\">4 mg ou 4 mL<\/td>\n<\/tr>\n<tr class=\"row-5 odd\">\n\t<td class=\"column-1\">Redox Analyses<\/td><td class=\"column-2\">\u00c1cido Hipocloroso (HOCl\/OCl-) por Colorimetria<\/td><td class=\"column-3\">N.A.<\/td><td class=\"column-4\">\u00d3leos; Extratos e Ra\u00e7\u00e3o<\/td><td class=\"column-5\">4 mg ou 4 mL<\/td>\n<\/tr>\n<tr class=\"row-6 even\">\n\t<td class=\"column-1\">Redox Analyses<\/td><td class=\"column-2\">Radical \u00c2nion Super\u00f3xido (O2-) por Colorimetria<\/td><td class=\"column-3\">N.A.<\/td><td class=\"column-4\">\u00d3leos; Extratos e Ra\u00e7\u00e3o<\/td><td class=\"column-5\">4 mg ou 4 mL<\/td>\n<\/tr>\n<tr class=\"row-7 odd\">\n\t<td class=\"column-1\">Redox Analyses<\/td><td class=\"column-2\">Vitamina E (Tocoferol) por Colorimetria<\/td><td class=\"column-3\">Galinhas; Su\u00ednos; C\u00e3es ou Gatos<\/td><td class=\"column-4\">Plasma<\/td><td class=\"column-5\">600 \u00b5L ou 90 mg<\/td>\n<\/tr>\n<tr class=\"row-8 even\">\n\t<td class=\"column-1\">Redox Analyses<\/td><td class=\"column-2\">Vitamina C (\u00c1cido Asc\u00f3rbico) por Colorimetria<\/td><td class=\"column-3\">Galinhas; Su\u00ednos; C\u00e3es ou Gatos<\/td><td class=\"column-4\">Plasma; Saliva; Urina<\/td><td class=\"column-5\">600 \u00b5L ou 90 mg. Saliva: 2 mL.<\/td>\n<\/tr>\n<tr class=\"row-9 odd\">\n\t<td class=\"column-1\">Redox Analyses<\/td><td class=\"column-2\">Capacidade Sequestrante do Radical ABTS+ por Colorimetria<\/td><td class=\"column-3\">N.A.<\/td><td class=\"column-4\">\u00d3leos; Extratos e Ra\u00e7\u00e3o (pode ser executado em subst\u00e2ncias hidro ou lipof\u00edlicas).<\/td><td class=\"column-5\">4 mg ou 4 mL<\/td>\n<\/tr>\n<tr class=\"row-10 even\">\n\t<td class=\"column-1\">Redox Analyses<\/td><td class=\"column-2\">2;2-difenil-1-picrilhidrazil (DPPH) por Colorimetria<\/td><td class=\"column-3\">N.A.<\/td><td class=\"column-4\">\u00d3leos; Extratos e Ra\u00e7\u00e3o (pode ser executado em subst\u00e2ncias lipof\u00edlica)<\/td><td class=\"column-5\">4 mg ou 4 mL<\/td>\n<\/tr>\n<tr class=\"row-11 odd\">\n\t<td class=\"column-1\">Redox Analyses<\/td><td class=\"column-2\">Produtos Proteicos de Oxida\u00e7\u00e3o Avan\u00e7ada (AOPP) por Colorimetria<\/td><td class=\"column-3\">Without restriction<\/td><td class=\"column-4\">Plasma; Soro; Saliva ou Urina<\/td><td class=\"column-5\">2 mg ou 2 mL<\/td>\n<\/tr>\n<tr class=\"row-12 even\">\n\t<td class=\"column-1\">Redox Analyses<\/td><td class=\"column-2\">Poder Antioxidante Redutor F\u00e9rrico (FRAP) por Colorimetria<\/td><td class=\"column-3\">N.A.<\/td><td class=\"column-4\">Oils, Extracts, or Feed (can be performed on hydrophilic substances)<\/td><td class=\"column-5\">4 mg ou 4 mL<\/td>\n<\/tr>\n<tr class=\"row-13 odd\">\n\t<td class=\"column-1\">Redox Analyses<\/td><td class=\"column-2\">Ti\u00f3is proteicos; n\u00e3o proteicos e totais por Espectrofotometria<\/td><td class=\"column-3\">Galinhas; Su\u00ednos; C\u00e3es ou Gatos<\/td><td class=\"column-4\">Saliva; Urina; F\u00edgado; Intestino ou Sangue total com Anticoagulante<\/td><td class=\"column-5\">600 \u00b5L ou 90 mg. Saliva: 2 mL.<\/td>\n<\/tr>\n<tr class=\"row-14 even\">\n\t<td class=\"column-1\">Redox Analyses<\/td><td class=\"column-2\">N-Acetil-\u03b2-D-Glucosaminidase (NAG) por Espectrofotometria<\/td><td class=\"column-3\">Poultry or Pigs<\/td><td class=\"column-4\">Liver or Intestine<\/td><td class=\"column-5\">600 \u00b5L ou 90 mg<\/td>\n<\/tr>\n<tr class=\"row-15 odd\">\n\t<td class=\"column-1\">Redox Analyses<\/td><td class=\"column-2\">Nitrito (NO2) por Espectrofotometria<\/td><td class=\"column-3\">Galinhas; Su\u00ednos; C\u00e3es ou Gatos<\/td><td class=\"column-4\">Plasma; Saliva; Urina; F\u00edgado; Intestino ou Sangue total com Anticoagulante<\/td><td class=\"column-5\">600 \u00b5L ou 90 mg. Saliva: 2 mL.<\/td>\n<\/tr>\n<tr class=\"row-16 even\">\n\t<td class=\"column-1\">Redox Analyses<\/td><td class=\"column-2\">Super\u00f3xido dismutase (SOD) por Espectrofotometria<\/td><td class=\"column-3\">Galinhas; Su\u00ednos; C\u00e3es ou Gatos<\/td><td class=\"column-4\">Plasma; F\u00edgado; Intestino; Saliva; Urina ou Sangue total com Anticoagulante<\/td><td class=\"column-5\">600 \u00b5L ou 90 mg. Saliva: 2 mL.<\/td>\n<\/tr>\n<tr class=\"row-17 odd\">\n\t<td class=\"column-1\">Redox Analyses<\/td><td class=\"column-2\">Subst\u00e2ncias reativas ao \u00e1cido tiobarbit\u00farico (TBARS) por Colorimetria<\/td><td class=\"column-3\">Galinhas; Su\u00ednos; C\u00e3es ou Gatos<\/td><td class=\"column-4\">Plasma; Saliva; Urina; F\u00edgado; Intestino; Carne ou Sangue total com Anticoagulante<\/td><td class=\"column-5\">600 \u00b5L ou 90 mg. Saliva: 2 mL.<\/td>\n<\/tr>\n<tr class=\"row-18 even\">\n\t<td class=\"column-1\">Redox Analyses<\/td><td class=\"column-2\">Prote\u00edna carbonilada (PrtCA) por Espectrofotometria<\/td><td class=\"column-3\">Galinhas; Su\u00ednos; C\u00e3es ou Gatos<\/td><td class=\"column-4\">Plasma; Saliva; F\u00edgado; Intestino ou Sangue total com Anticoagulante<\/td><td class=\"column-5\">600 \u00b5L ou 90 mg. Saliva: 2 mL.<\/td>\n<\/tr>\n<tr class=\"row-19 odd\">\n\t<td class=\"column-1\">Redox Analyses<\/td><td class=\"column-2\">Mieloperoxidase (MPO) por Colorimetria<\/td><td class=\"column-3\">Poultry or Pigs<\/td><td class=\"column-4\">Liver or Intestine<\/td><td class=\"column-5\">90 mg<\/td>\n<\/tr>\n<tr class=\"row-20 even\">\n\t<td class=\"column-1\">Redox Analyses<\/td><td class=\"column-2\">Peroxida\u00e7\u00e3o lip\u00eddica (LPO) por Colorimetria<\/td><td class=\"column-3\">Galinhas; Su\u00ednos; C\u00e3es ou Gatos<\/td><td class=\"column-4\">Plasma; Saliva; Urina; F\u00edgado; Intestino ou Sangue total com Anticoagulante<\/td><td class=\"column-5\">600 \u00b5L ou 90 mg. Saliva: 2 mL.<\/td>\n<\/tr>\n<tr class=\"row-21 odd\">\n\t<td class=\"column-1\">Redox Analyses<\/td><td class=\"column-2\">Glutationa-S-transferase (GST) por Espectrofotometria<\/td><td class=\"column-3\">Galinhas; Su\u00ednos; C\u00e3es ou Gatos<\/td><td class=\"column-4\">Plasma; F\u00edgado; Intestino ou Sangue total com Anticoagulante<\/td><td class=\"column-5\">600 \u00b5L ou 90 mg<\/td>\n<\/tr>\n<tr class=\"row-22 even\">\n\t<td class=\"column-1\">Redox Analyses<\/td><td class=\"column-2\">Glutationa redutase (GR) Espectrofotometria<\/td><td class=\"column-3\">Galinhas; Su\u00ednos; C\u00e3es ou Gatos<\/td><td class=\"column-4\">Plasma; Saliva; Urina; F\u00edgado; Intestino ou Sangue total com Anticoagulante<\/td><td class=\"column-5\">600 \u00b5L ou 90 mg. Saliva: 2 mL.<\/td>\n<\/tr>\n<tr class=\"row-23 odd\">\n\t<td class=\"column-1\">Redox Analyses<\/td><td class=\"column-2\">Glutationa Peroxidase (GPx) por Colorimetria<\/td><td class=\"column-3\">Galinhas; Su\u00ednos; C\u00e3es ou Gatos<\/td><td class=\"column-4\">Saliva; Urina; F\u00edgado; Intestino; Soro ou Sangue total com Anticoagulante<\/td><td class=\"column-5\">600 \u00b5L ou 90 mg. Saliva: 2 mL.<\/td>\n<\/tr>\n<tr class=\"row-24 even\">\n\t<td class=\"column-1\">Redox Analyses<\/td><td class=\"column-2\">Glutationa oxidada (GSSG) por Fluorimetria<\/td><td class=\"column-3\">Galinhas; Su\u00ednos; C\u00e3es ou Gatos<\/td><td class=\"column-4\">Plasma; Saliva; Urina; F\u00edgado; Intestino ou Sangue total com Anticoagulante<\/td><td class=\"column-5\">600 \u00b5L ou 90 mg. Saliva: 2 mL.<\/td>\n<\/tr>\n<tr class=\"row-25 odd\">\n\t<td class=\"column-1\">Redox Analyses<\/td><td class=\"column-2\">Esp\u00e9cies reativas de oxig\u00eanio (ROS) por Fluorimetria<\/td><td class=\"column-3\">Galinhas; Su\u00ednos; C\u00e3es ou Gatos<\/td><td class=\"column-4\">Plasma; F\u00edgado; Intestino ou Sangue total com Anticoagulante<\/td><td class=\"column-5\">600 \u00b5L ou 90 mg<\/td>\n<\/tr>\n<tr class=\"row-26 even\">\n\t<td class=\"column-1\">Redox Analyses<\/td><td class=\"column-2\">Catalase (CAT) por Espectrofotometria<\/td><td class=\"column-3\">Galinhas; Su\u00ednos; C\u00e3es ou Gatos<\/td><td class=\"column-4\">Saliva; Urina; F\u00edgado; Intestino ou Sangue total com Anticoagulante<\/td><td class=\"column-5\">600 \u00b5L ou 90 mg. Saliva: 2 mL.<\/td>\n<\/tr>\n<tr class=\"row-27 odd\">\n\t<td class=\"column-1\">Redox Analyses<\/td><td class=\"column-2\">Radical Hidroxila (OH) por Espectrofotometria<\/td><td class=\"column-3\">Ra\u00e7\u00f5es; Alimentos ou Insumos<\/td><td class=\"column-4\">Ra\u00e7\u00f5es; Alimentos ou Insumos<\/td><td class=\"column-5\">90 mg<\/td>\n<\/tr>\n<tr class=\"row-28 even\">\n\t<td class=\"column-1\">Redox Analyses<\/td><td class=\"column-2\">Prote\u00edna total (PRT) por Colorimetria<\/td><td class=\"column-3\">Galinhas; Su\u00ednos; C\u00e3es ou Gatos<\/td><td class=\"column-4\">Plasma; F\u00edgado; Intestino ou Sangue total com Anticoagulante<\/td><td class=\"column-5\">600 \u00b5L ou 90 mg<\/td>\n<\/tr>\n<tr class=\"row-29 odd\">\n\t<td class=\"column-1\">Redox Analyses<\/td><td class=\"column-2\">Glutationa Reduzida (GSH) por Fluorimetria<\/td><td class=\"column-3\">Galinhas; Su\u00ednos; C\u00e3es ou Gatos<\/td><td class=\"column-4\">Plasma; F\u00edgado; Intestino; Saliva; Urina ou Sangue total com Anticoagulante<\/td><td class=\"column-5\">600 \u00b5L ou 90 mg. Saliva: 2 mL.<\/td>\n<\/tr>\n<tr class=\"row-30 even\">\n\t<td class=\"column-1\">Redox Analyses<\/td><td class=\"column-2\">Glicose-6-fosfato desidrogenase (G6PD) por Colorimetria<\/td><td class=\"column-3\">Galinhas; Su\u00ednos; C\u00e3es ou Gatos<\/td><td class=\"column-4\">F\u00edgado; Intestino ou Sangue total com Anticoagulante<\/td><td class=\"column-5\">600 \u00b5L ou 90 mg<\/td>\n<\/tr>\n<tr class=\"row-31 odd\">\n\t<td class=\"column-1\">Redox Analyses<\/td><td class=\"column-2\">Atividade antioxidante total (T-AOC) por Espectrofotometria<\/td><td class=\"column-3\">Galinhas; Su\u00ednos; C\u00e3es ou Gatos<\/td><td class=\"column-4\">Plasma; Saliva; Urina; F\u00edgado; Intestino ou Sangue total com Anticoagulante<\/td><td class=\"column-5\">600 \u00b5L ou 90 mg. Saliva: 2 mL.<\/td>\n<\/tr>\n<tr class=\"row-32 even\">\n\t<td class=\"column-1\">Redox Analyses<\/td><td class=\"column-2\">Avalia\u00e7\u00e3o de 5 par\u00e2metros redox - Amostra Biol\u00f3gica<\/td><td class=\"column-3\">N.A.<\/td><td class=\"column-4\">Plasma, Liver, Intestine, or Whole Blood with Anticoagulant<\/td><td class=\"column-5\"><\/td>\n<\/tr>\n<tr class=\"row-33 odd\">\n\t<td class=\"column-1\">Redox Analyses<\/td><td class=\"column-2\">Avalia\u00e7\u00e3o de 4 par\u00e2metros redox - Amostra Biol\u00f3gica<\/td><td class=\"column-3\">N.A.<\/td><td class=\"column-4\">Plasma, Liver, Intestine, or Whole Blood with Anticoagulant<\/td><td class=\"column-5\"><\/td>\n<\/tr>\n<tr class=\"row-34 even\">\n\t<td class=\"column-1\">Redox Analyses<\/td><td class=\"column-2\">Avalia\u00e7\u00e3o de 3 par\u00e2metros redox - Amostra Biol\u00f3gica<\/td><td class=\"column-3\">N.A.<\/td><td class=\"column-4\">Plasma, Liver, Intestine, or Whole Blood with Anticoagulant<\/td><td class=\"column-5\"><\/td>\n<\/tr>\n<tr class=\"row-35 odd\">\n\t<td class=\"column-1\">Redox Analyses<\/td><td class=\"column-2\">Avalia\u00e7\u00e3o de 2 par\u00e2metros redox - Amostra Biol\u00f3gica<\/td><td class=\"column-3\">N.A.<\/td><td class=\"column-4\">Plasma, Liver, Intestine, or Whole Blood with Anticoagulant<\/td><td class=\"column-5\"><\/td>\n<\/tr>\n<tr class=\"row-36 even\">\n\t<td class=\"column-1\">Redox Analyses<\/td><td class=\"column-2\">Avalia\u00e7\u00e3o de 10 par\u00e2metros redox - Amostra Biol\u00f3gica<\/td><td class=\"column-3\">N.A.<\/td><td class=\"column-4\">Plasma, Liver, Intestine, or Whole Blood with Anticoagulant<\/td><td class=\"column-5\"><\/td>\n<\/tr>\n<tr class=\"row-37 odd\">\n\t<td class=\"column-1\">Redox Analyses<\/td><td class=\"column-2\">Avalia\u00e7\u00e3o de 1 par\u00e2metro redox - Amostra Biol\u00f3gica<\/td><td class=\"column-3\">N.A.<\/td><td class=\"column-4\">Plasma, Liver, Intestine, or Whole Blood with Anticoagulant<\/td><td class=\"column-5\"><\/td>\n<\/tr>\n<tr class=\"row-38 even\">\n\t<td class=\"column-1\">Redox Analyses<\/td><td class=\"column-2\">Atividade antioxidante total (T-AOC) por Fluorimetria<\/td><td class=\"column-3\">Galinhas, Su\u00ednos, C\u00e3es ou Gatos<\/td><td class=\"column-4\">Plasma, Liver, Intestine, or Whole Blood with Anticoagulant<\/td><td class=\"column-5\"><\/td>\n<\/tr>\n<\/tbody>\n<\/table>\n<\/div>\n\t\t\t\t<\/div>\n\t\t\t\t<\/div>\n\t\t\t\t\t\t<\/div>\n\t\t\t\t\t<\/div>\n\t\t<\/div>\n\t\t\t\t\t\t\t\t<\/div>\n\t\t\t\t\t<\/div>\n\t\t<\/section>\n\t\t\t\t\t\t<\/div>\n\t\t\t\t\t<\/div>\n\t\t<\/div>\n\t\t\t\t\t\t\t\t<\/div>\n\t\t\t\t\t<\/div>\n\t\t<\/section>\n\t\t\t\t\t\t\t\t\t<\/div>\n\t\t\t<\/div>\n\t\t\t\t\t<\/div>","protected":false},"excerpt":{"rendered":"<p>We provide specialized laboratory analyses for animal breeding companies and input manufacturers. Verify below the list with all the available analyses.\u00a0<\/p>","protected":false},"author":1,"featured_media":0,"parent":429,"menu_order":0,"comment_status":"closed","ping_status":"closed","template":"elementor_header_footer","meta":[],"yoast_head":"<!-- This site is optimized with the Yoast SEO plugin v20.12 - https:\/\/yoast.com\/wordpress\/plugins\/seo\/ -->\n<title>An\u00e1lises Redox - Imunova<\/title>\n<meta name=\"robots\" content=\"index, follow, max-snippet:-1, max-image-preview:large, max-video-preview:-1\" \/>\n<link rel=\"canonical\" href=\"https:\/\/imunova.com.br\/en\/analises-laboratoriais\/analises-redox\/\" \/>\n<meta property=\"og:locale\" content=\"en_US\" \/>\n<meta property=\"og:type\" content=\"article\" \/>\n<meta property=\"og:title\" content=\"An\u00e1lises Redox - Imunova\" \/>\n<meta property=\"og:description\" content=\"Oferecemos an\u00e1lises laboratoriais especializadas para empresas criadoras de animais e produtoras de insumos. Verifique abaixo a lista com todos as an\u00e1lises dispon\u00edveis.\u00a0\" \/>\n<meta property=\"og:url\" content=\"https:\/\/imunova.com.br\/en\/analises-laboratoriais\/analises-redox\/\" \/>\n<meta property=\"og:site_name\" content=\"Imunova\" \/>\n<meta property=\"article:modified_time\" content=\"2023-08-07T21:02:55+00:00\" \/>\n<meta name=\"twitter:card\" content=\"summary_large_image\" \/>\n<meta name=\"twitter:label1\" content=\"Est. reading time\" \/>\n\t<meta name=\"twitter:data1\" content=\"1 minute\" \/>\n<script type=\"application\/ld+json\" class=\"yoast-schema-graph\">{\"@context\":\"https:\/\/schema.org\",\"@graph\":[{\"@type\":\"WebPage\",\"@id\":\"https:\/\/imunova.com.br\/analises-laboratoriais\/analises-redox\/\",\"url\":\"https:\/\/imunova.com.br\/analises-laboratoriais\/analises-redox\/\",\"name\":\"An\u00e1lises Redox - Imunova\",\"isPartOf\":{\"@id\":\"https:\/\/imunova.com.br\/#website\"},\"datePublished\":\"2023-08-07T20:06:39+00:00\",\"dateModified\":\"2023-08-07T21:02:55+00:00\",\"breadcrumb\":{\"@id\":\"https:\/\/imunova.com.br\/analises-laboratoriais\/analises-redox\/#breadcrumb\"},\"inLanguage\":\"en-US\",\"potentialAction\":[{\"@type\":\"ReadAction\",\"target\":[\"https:\/\/imunova.com.br\/analises-laboratoriais\/analises-redox\/\"]}]},{\"@type\":\"BreadcrumbList\",\"@id\":\"https:\/\/imunova.com.br\/analises-laboratoriais\/analises-redox\/#breadcrumb\",\"itemListElement\":[{\"@type\":\"ListItem\",\"position\":1,\"name\":\"In\u00edcio\",\"item\":\"https:\/\/imunova.com.br\/\"},{\"@type\":\"ListItem\",\"position\":2,\"name\":\"An\u00e1lises Laboratoriais\",\"item\":\"https:\/\/imunova.com.br\/analises-laboratoriais\/\"},{\"@type\":\"ListItem\",\"position\":3,\"name\":\"An\u00e1lises Redox\"}]},{\"@type\":\"WebSite\",\"@id\":\"https:\/\/imunova.com.br\/#website\",\"url\":\"https:\/\/imunova.com.br\/\",\"name\":\"Imunova\",\"description\":\"Solu\u00e7\u00f5es biotecnol\u00f3gicas em produtos e diagn\u00f3stico\",\"publisher\":{\"@id\":\"https:\/\/imunova.com.br\/#organization\"},\"potentialAction\":[{\"@type\":\"SearchAction\",\"target\":{\"@type\":\"EntryPoint\",\"urlTemplate\":\"https:\/\/imunova.com.br\/?s={search_term_string}\"},\"query-input\":\"required name=search_term_string\"}],\"inLanguage\":\"en-US\"},{\"@type\":\"Organization\",\"@id\":\"https:\/\/imunova.com.br\/#organization\",\"name\":\"Imunova\",\"url\":\"https:\/\/imunova.com.br\/\",\"logo\":{\"@type\":\"ImageObject\",\"inLanguage\":\"en-US\",\"@id\":\"https:\/\/imunova.com.br\/#\/schema\/logo\/image\/\",\"url\":\"https:\/\/imunova.com.br\/wp-content\/uploads\/2023\/02\/logo-imunova-color.png\",\"contentUrl\":\"https:\/\/imunova.com.br\/wp-content\/uploads\/2023\/02\/logo-imunova-color.png\",\"width\":4063,\"height\":936,\"caption\":\"Imunova\"},\"image\":{\"@id\":\"https:\/\/imunova.com.br\/#\/schema\/logo\/image\/\"}}]}<\/script>\n<!-- \/ Yoast SEO plugin. -->","yoast_head_json":{"title":"An\u00e1lises Redox - Imunova","robots":{"index":"index","follow":"follow","max-snippet":"max-snippet:-1","max-image-preview":"max-image-preview:large","max-video-preview":"max-video-preview:-1"},"canonical":"https:\/\/imunova.com.br\/en\/analises-laboratoriais\/analises-redox\/","og_locale":"en_US","og_type":"article","og_title":"An\u00e1lises Redox - Imunova","og_description":"Oferecemos an\u00e1lises laboratoriais especializadas para empresas criadoras de animais e produtoras de insumos. Verifique abaixo a lista com todos as an\u00e1lises dispon\u00edveis.\u00a0","og_url":"https:\/\/imunova.com.br\/en\/analises-laboratoriais\/analises-redox\/","og_site_name":"Imunova","article_modified_time":"2023-08-07T21:02:55+00:00","twitter_card":"summary_large_image","twitter_misc":{"Est. reading time":"1 minute"},"schema":{"@context":"https:\/\/schema.org","@graph":[{"@type":"WebPage","@id":"https:\/\/imunova.com.br\/analises-laboratoriais\/analises-redox\/","url":"https:\/\/imunova.com.br\/analises-laboratoriais\/analises-redox\/","name":"An\u00e1lises Redox - Imunova","isPartOf":{"@id":"https:\/\/imunova.com.br\/#website"},"datePublished":"2023-08-07T20:06:39+00:00","dateModified":"2023-08-07T21:02:55+00:00","breadcrumb":{"@id":"https:\/\/imunova.com.br\/analises-laboratoriais\/analises-redox\/#breadcrumb"},"inLanguage":"en-US","potentialAction":[{"@type":"ReadAction","target":["https:\/\/imunova.com.br\/analises-laboratoriais\/analises-redox\/"]}]},{"@type":"BreadcrumbList","@id":"https:\/\/imunova.com.br\/analises-laboratoriais\/analises-redox\/#breadcrumb","itemListElement":[{"@type":"ListItem","position":1,"name":"In\u00edcio","item":"https:\/\/imunova.com.br\/"},{"@type":"ListItem","position":2,"name":"An\u00e1lises Laboratoriais","item":"https:\/\/imunova.com.br\/analises-laboratoriais\/"},{"@type":"ListItem","position":3,"name":"An\u00e1lises Redox"}]},{"@type":"WebSite","@id":"https:\/\/imunova.com.br\/#website","url":"https:\/\/imunova.com.br\/","name":"Imunova","description":"Solu\u00e7\u00f5es biotecnol\u00f3gicas em produtos e diagn\u00f3stico","publisher":{"@id":"https:\/\/imunova.com.br\/#organization"},"potentialAction":[{"@type":"SearchAction","target":{"@type":"EntryPoint","urlTemplate":"https:\/\/imunova.com.br\/?s={search_term_string}"},"query-input":"required name=search_term_string"}],"inLanguage":"en-US"},{"@type":"Organization","@id":"https:\/\/imunova.com.br\/#organization","name":"Imunova","url":"https:\/\/imunova.com.br\/","logo":{"@type":"ImageObject","inLanguage":"en-US","@id":"https:\/\/imunova.com.br\/#\/schema\/logo\/image\/","url":"https:\/\/imunova.com.br\/wp-content\/uploads\/2023\/02\/logo-imunova-color.png","contentUrl":"https:\/\/imunova.com.br\/wp-content\/uploads\/2023\/02\/logo-imunova-color.png","width":4063,"height":936,"caption":"Imunova"},"image":{"@id":"https:\/\/imunova.com.br\/#\/schema\/logo\/image\/"}}]}},"_links":{"self":[{"href":"https:\/\/imunova.com.br\/en\/wp-json\/wp\/v2\/pages\/846"}],"collection":[{"href":"https:\/\/imunova.com.br\/en\/wp-json\/wp\/v2\/pages"}],"about":[{"href":"https:\/\/imunova.com.br\/en\/wp-json\/wp\/v2\/types\/page"}],"author":[{"embeddable":true,"href":"https:\/\/imunova.com.br\/en\/wp-json\/wp\/v2\/users\/1"}],"replies":[{"embeddable":true,"href":"https:\/\/imunova.com.br\/en\/wp-json\/wp\/v2\/comments?post=846"}],"version-history":[{"count":8,"href":"https:\/\/imunova.com.br\/en\/wp-json\/wp\/v2\/pages\/846\/revisions"}],"predecessor-version":[{"id":896,"href":"https:\/\/imunova.com.br\/en\/wp-json\/wp\/v2\/pages\/846\/revisions\/896"}],"up":[{"embeddable":true,"href":"https:\/\/imunova.com.br\/en\/wp-json\/wp\/v2\/pages\/429"}],"wp:attachment":[{"href":"https:\/\/imunova.com.br\/en\/wp-json\/wp\/v2\/media?parent=846"}],"curies":[{"name":"wp","href":"https:\/\/api.w.org\/{rel}","templated":true}]}}