{"id":971,"date":"2023-08-18T12:30:56","date_gmt":"2023-08-18T15:30:56","guid":{"rendered":"https:\/\/dev.imunova.com.br\/?page_id=971"},"modified":"2023-08-21T18:14:25","modified_gmt":"2023-08-21T21:14:25","slug":"downloads","status":"publish","type":"page","link":"https:\/\/imunova.com.br\/en\/downloads\/","title":{"rendered":"Downloads"},"content":{"rendered":"<div data-elementor-type=\"wp-page\" data-elementor-id=\"971\" class=\"elementor elementor-971\">\n\t\t\t\t\t\t<div class=\"elementor-inner\">\n\t\t\t\t<div class=\"elementor-section-wrap\">\n\t\t\t\t\t\t\t\t\t<section class=\"elementor-section elementor-top-section elementor-element elementor-element-780c121 elementor-section-content-middle elementor-section-full_width elementor-section-height-default elementor-section-height-default\" data-id=\"780c121\" data-element_type=\"section\" data-settings=\"{&quot;background_background&quot;:&quot;classic&quot;}\">\n\t\t\t\t\t\t\t<div class=\"elementor-background-overlay\"><\/div>\n\t\t\t\t\t\t\t<div class=\"elementor-container elementor-column-gap-no\">\n\t\t\t\t\t\t\t<div class=\"elementor-row\">\n\t\t\t\t\t<div class=\"elementor-column elementor-col-100 elementor-top-column elementor-element elementor-element-d6462f7\" data-id=\"d6462f7\" data-element_type=\"column\">\n\t\t\t<div class=\"elementor-column-wrap elementor-element-populated\">\n\t\t\t\t\t\t\t<div class=\"elementor-widget-wrap\">\n\t\t\t\t\t\t<section class=\"elementor-section elementor-inner-section elementor-element elementor-element-442fbbd elementor-section-boxed elementor-section-height-default elementor-section-height-default\" data-id=\"442fbbd\" data-element_type=\"section\">\n\t\t\t\t\t\t<div class=\"elementor-container elementor-column-gap-default\">\n\t\t\t\t\t\t\t<div class=\"elementor-row\">\n\t\t\t\t\t<div class=\"elementor-column elementor-col-100 elementor-inner-column elementor-element elementor-element-9ed1d61\" data-id=\"9ed1d61\" data-element_type=\"column\">\n\t\t\t<div class=\"elementor-column-wrap elementor-element-populated\">\n\t\t\t\t\t\t\t<div class=\"elementor-widget-wrap\">\n\t\t\t\t\t\t<div class=\"elementor-element elementor-element-5a33b33 elementor-widget elementor-widget-text-editor\" data-id=\"5a33b33\" data-element_type=\"widget\" data-widget_type=\"text-editor.default\">\n\t\t\t\t<div class=\"elementor-widget-container\">\n\t\t\t\t\t\t\t\t<div class=\"elementor-text-editor elementor-clearfix\">\n\t\t\t\t<h1>Downloads<\/h1>\t\t\t\t\t<\/div>\n\t\t\t\t\t\t<\/div>\n\t\t\t\t<\/div>\n\t\t\t\t\t\t<\/div>\n\t\t\t\t\t<\/div>\n\t\t<\/div>\n\t\t\t\t\t\t\t\t<\/div>\n\t\t\t\t\t<\/div>\n\t\t<\/section>\n\t\t\t\t\t\t<\/div>\n\t\t\t\t\t<\/div>\n\t\t<\/div>\n\t\t\t\t\t\t\t\t<\/div>\n\t\t\t\t\t<\/div>\n\t\t<\/section>\n\t\t\t\t<section class=\"elementor-section elementor-top-section elementor-element elementor-element-e2033dd elementor-section-boxed elementor-section-height-default elementor-section-height-default\" data-id=\"e2033dd\" data-element_type=\"section\" data-settings=\"{&quot;background_background&quot;:&quot;classic&quot;}\">\n\t\t\t\t\t\t<div class=\"elementor-container elementor-column-gap-no\">\n\t\t\t\t\t\t\t<div class=\"elementor-row\">\n\t\t\t\t\t<div class=\"elementor-column elementor-col-100 elementor-top-column elementor-element elementor-element-719d00a\" data-id=\"719d00a\" data-element_type=\"column\">\n\t\t\t<div class=\"elementor-column-wrap elementor-element-populated\">\n\t\t\t\t\t\t\t<div class=\"elementor-widget-wrap\">\n\t\t\t\t\t\t<section class=\"elementor-section elementor-inner-section elementor-element elementor-element-b1d2ec4 elementor-section-content-middle elementor-section-boxed elementor-section-height-default elementor-section-height-default\" data-id=\"b1d2ec4\" data-element_type=\"section\">\n\t\t\t\t\t\t<div class=\"elementor-container elementor-column-gap-default\">\n\t\t\t\t\t\t\t<div class=\"elementor-row\">\n\t\t\t\t\t<div class=\"elementor-column elementor-col-25 elementor-inner-column elementor-element elementor-element-a5efb8c\" data-id=\"a5efb8c\" data-element_type=\"column\" data-settings=\"{&quot;background_background&quot;:&quot;classic&quot;}\">\n\t\t\t<div class=\"elementor-column-wrap elementor-element-populated\">\n\t\t\t\t\t<div class=\"elementor-background-overlay\"><\/div>\n\t\t\t\t\t\t\t<div class=\"elementor-widget-wrap\">\n\t\t\t\t\t\t<div class=\"elementor-element elementor-element-30feebe elementor-widget elementor-widget-heading\" data-id=\"30feebe\" data-element_type=\"widget\" data-widget_type=\"heading.default\">\n\t\t\t\t<div class=\"elementor-widget-container\">\n\t\t\t<h3 class=\"elementor-heading-title elementor-size-default\"><a href=\"https:\/\/workdrive.zohoexternal.com\/external\/436f40c11ac3b26293aa8ece7ad3333a9ffd247426a7de7e6aa2d36935806243\">Bovinos e pequenos ruminantes<\/a><\/h3>\t\t<\/div>\n\t\t\t\t<\/div>\n\t\t\t\t\t\t<\/div>\n\t\t\t\t\t<\/div>\n\t\t<\/div>\n\t\t\t\t<div class=\"elementor-column elementor-col-25 elementor-inner-column elementor-element elementor-element-488118b\" data-id=\"488118b\" data-element_type=\"column\" data-settings=\"{&quot;background_background&quot;:&quot;classic&quot;}\">\n\t\t\t<div class=\"elementor-column-wrap elementor-element-populated\">\n\t\t\t\t\t<div class=\"elementor-background-overlay\"><\/div>\n\t\t\t\t\t\t\t<div class=\"elementor-widget-wrap\">\n\t\t\t\t\t\t<div class=\"elementor-element elementor-element-fb2ce90 elementor-widget elementor-widget-heading\" data-id=\"fb2ce90\" data-element_type=\"widget\" data-widget_type=\"heading.default\">\n\t\t\t\t<div class=\"elementor-widget-container\">\n\t\t\t<h3 class=\"elementor-heading-title elementor-size-default\"><a href=\"https:\/\/workdrive.zohoexternal.com\/external\/2e246354528bc7930316423c0b548e92ebf2ac0cc7afa75d0b6fcb132b3f08a5\">Swine Farming<\/a><\/h3>\t\t<\/div>\n\t\t\t\t<\/div>\n\t\t\t\t\t\t<\/div>\n\t\t\t\t\t<\/div>\n\t\t<\/div>\n\t\t\t\t<div class=\"elementor-column elementor-col-25 elementor-inner-column elementor-element elementor-element-5409f4a\" data-id=\"5409f4a\" data-element_type=\"column\" data-settings=\"{&quot;background_background&quot;:&quot;classic&quot;}\">\n\t\t\t<div class=\"elementor-column-wrap elementor-element-populated\">\n\t\t\t\t\t<div class=\"elementor-background-overlay\"><\/div>\n\t\t\t\t\t\t\t<div class=\"elementor-widget-wrap\">\n\t\t\t\t\t\t<div class=\"elementor-element elementor-element-eac24e0 elementor-widget elementor-widget-heading\" data-id=\"eac24e0\" data-element_type=\"widget\" data-widget_type=\"heading.default\">\n\t\t\t\t<div class=\"elementor-widget-container\">\n\t\t\t<h3 class=\"elementor-heading-title elementor-size-default\"><a href=\"https:\/\/workdrive.zohoexternal.com\/external\/92d923784f9424ea964513f90ebbf3e0d17db185d4a579168286452cde9fcb1c\">Poultry Farming<\/a><\/h3>\t\t<\/div>\n\t\t\t\t<\/div>\n\t\t\t\t\t\t<\/div>\n\t\t\t\t\t<\/div>\n\t\t<\/div>\n\t\t\t\t<div class=\"elementor-column elementor-col-25 elementor-inner-column elementor-element elementor-element-a621486\" data-id=\"a621486\" data-element_type=\"column\" data-settings=\"{&quot;background_background&quot;:&quot;classic&quot;}\">\n\t\t\t<div class=\"elementor-column-wrap elementor-element-populated\">\n\t\t\t\t\t<div class=\"elementor-background-overlay\"><\/div>\n\t\t\t\t\t\t\t<div class=\"elementor-widget-wrap\">\n\t\t\t\t\t\t<div class=\"elementor-element elementor-element-0c4ec0e elementor-widget elementor-widget-heading\" data-id=\"0c4ec0e\" data-element_type=\"widget\" data-widget_type=\"heading.default\">\n\t\t\t\t<div class=\"elementor-widget-container\">\n\t\t\t<h3 class=\"elementor-heading-title elementor-size-default\"><a href=\"https:\/\/workdrive.zohoexternal.com\/external\/4dfaddeb7715f7034cf6b76b3d5a3049aa22f3400d708cf54a2d0264ef7d1b2a\">Portf\u00f3lio completo<\/a><\/h3>\t\t<\/div>\n\t\t\t\t<\/div>\n\t\t\t\t\t\t<\/div>\n\t\t\t\t\t<\/div>\n\t\t<\/div>\n\t\t\t\t\t\t\t\t<\/div>\n\t\t\t\t\t<\/div>\n\t\t<\/section>\n\t\t\t\t\t\t<\/div>\n\t\t\t\t\t<\/div>\n\t\t<\/div>\n\t\t\t\t\t\t\t\t<\/div>\n\t\t\t\t\t<\/div>\n\t\t<\/section>\n\t\t\t\t\t\t\t\t\t<\/div>\n\t\t\t<\/div>\n\t\t\t\t\t<\/div>","protected":false},"excerpt":{"rendered":"<p>Downloads Bovinos e pequenos ruminantes Suinocultura Avicultura Portf\u00f3lio completo<\/p>","protected":false},"author":1,"featured_media":0,"parent":0,"menu_order":0,"comment_status":"closed","ping_status":"closed","template":"elementor_header_footer","meta":[],"yoast_head":"<!-- This site is optimized with the Yoast SEO plugin v20.12 - https:\/\/yoast.com\/wordpress\/plugins\/seo\/ -->\n<title>Downloads - Imunova<\/title>\n<meta name=\"robots\" content=\"index, follow, max-snippet:-1, max-image-preview:large, max-video-preview:-1\" \/>\n<link rel=\"canonical\" href=\"https:\/\/imunova.com.br\/en\/downloads\/\" \/>\n<meta property=\"og:locale\" content=\"en_US\" \/>\n<meta property=\"og:type\" content=\"article\" \/>\n<meta property=\"og:title\" content=\"Downloads - Imunova\" \/>\n<meta property=\"og:description\" content=\"Downloads Bovinos e pequenos ruminantes Suinocultura Avicultura Portf\u00f3lio completo\" \/>\n<meta property=\"og:url\" content=\"https:\/\/imunova.com.br\/en\/downloads\/\" \/>\n<meta property=\"og:site_name\" content=\"Imunova\" \/>\n<meta property=\"article:modified_time\" content=\"2023-08-21T21:14:25+00:00\" \/>\n<meta name=\"twitter:card\" content=\"summary_large_image\" \/>\n<meta name=\"twitter:label1\" content=\"Est. reading time\" \/>\n\t<meta name=\"twitter:data1\" content=\"1 minute\" \/>\n<script type=\"application\/ld+json\" class=\"yoast-schema-graph\">{\"@context\":\"https:\/\/schema.org\",\"@graph\":[{\"@type\":\"WebPage\",\"@id\":\"https:\/\/imunova.com.br\/downloads\/\",\"url\":\"https:\/\/imunova.com.br\/downloads\/\",\"name\":\"Downloads - Imunova\",\"isPartOf\":{\"@id\":\"https:\/\/imunova.com.br\/#website\"},\"datePublished\":\"2023-08-18T15:30:56+00:00\",\"dateModified\":\"2023-08-21T21:14:25+00:00\",\"breadcrumb\":{\"@id\":\"https:\/\/imunova.com.br\/downloads\/#breadcrumb\"},\"inLanguage\":\"en-US\",\"potentialAction\":[{\"@type\":\"ReadAction\",\"target\":[\"https:\/\/imunova.com.br\/downloads\/\"]}]},{\"@type\":\"BreadcrumbList\",\"@id\":\"https:\/\/imunova.com.br\/downloads\/#breadcrumb\",\"itemListElement\":[{\"@type\":\"ListItem\",\"position\":1,\"name\":\"In\u00edcio\",\"item\":\"https:\/\/imunova.com.br\/\"},{\"@type\":\"ListItem\",\"position\":2,\"name\":\"Downloads\"}]},{\"@type\":\"WebSite\",\"@id\":\"https:\/\/imunova.com.br\/#website\",\"url\":\"https:\/\/imunova.com.br\/\",\"name\":\"Imunova\",\"description\":\"Solu\u00e7\u00f5es biotecnol\u00f3gicas em produtos e diagn\u00f3stico\",\"publisher\":{\"@id\":\"https:\/\/imunova.com.br\/#organization\"},\"potentialAction\":[{\"@type\":\"SearchAction\",\"target\":{\"@type\":\"EntryPoint\",\"urlTemplate\":\"https:\/\/imunova.com.br\/?s={search_term_string}\"},\"query-input\":\"required name=search_term_string\"}],\"inLanguage\":\"en-US\"},{\"@type\":\"Organization\",\"@id\":\"https:\/\/imunova.com.br\/#organization\",\"name\":\"Imunova\",\"url\":\"https:\/\/imunova.com.br\/\",\"logo\":{\"@type\":\"ImageObject\",\"inLanguage\":\"en-US\",\"@id\":\"https:\/\/imunova.com.br\/#\/schema\/logo\/image\/\",\"url\":\"https:\/\/imunova.com.br\/wp-content\/uploads\/2023\/02\/logo-imunova-color.png\",\"contentUrl\":\"https:\/\/imunova.com.br\/wp-content\/uploads\/2023\/02\/logo-imunova-color.png\",\"width\":4063,\"height\":936,\"caption\":\"Imunova\"},\"image\":{\"@id\":\"https:\/\/imunova.com.br\/#\/schema\/logo\/image\/\"}}]}<\/script>\n<!-- \/ Yoast SEO plugin. -->","yoast_head_json":{"title":"Downloads - Imunova","robots":{"index":"index","follow":"follow","max-snippet":"max-snippet:-1","max-image-preview":"max-image-preview:large","max-video-preview":"max-video-preview:-1"},"canonical":"https:\/\/imunova.com.br\/en\/downloads\/","og_locale":"en_US","og_type":"article","og_title":"Downloads - Imunova","og_description":"Downloads Bovinos e pequenos ruminantes Suinocultura Avicultura Portf\u00f3lio completo","og_url":"https:\/\/imunova.com.br\/en\/downloads\/","og_site_name":"Imunova","article_modified_time":"2023-08-21T21:14:25+00:00","twitter_card":"summary_large_image","twitter_misc":{"Est. reading time":"1 minute"},"schema":{"@context":"https:\/\/schema.org","@graph":[{"@type":"WebPage","@id":"https:\/\/imunova.com.br\/downloads\/","url":"https:\/\/imunova.com.br\/downloads\/","name":"Downloads - Imunova","isPartOf":{"@id":"https:\/\/imunova.com.br\/#website"},"datePublished":"2023-08-18T15:30:56+00:00","dateModified":"2023-08-21T21:14:25+00:00","breadcrumb":{"@id":"https:\/\/imunova.com.br\/downloads\/#breadcrumb"},"inLanguage":"en-US","potentialAction":[{"@type":"ReadAction","target":["https:\/\/imunova.com.br\/downloads\/"]}]},{"@type":"BreadcrumbList","@id":"https:\/\/imunova.com.br\/downloads\/#breadcrumb","itemListElement":[{"@type":"ListItem","position":1,"name":"In\u00edcio","item":"https:\/\/imunova.com.br\/"},{"@type":"ListItem","position":2,"name":"Downloads"}]},{"@type":"WebSite","@id":"https:\/\/imunova.com.br\/#website","url":"https:\/\/imunova.com.br\/","name":"Imunova","description":"Solu\u00e7\u00f5es biotecnol\u00f3gicas em produtos e diagn\u00f3stico","publisher":{"@id":"https:\/\/imunova.com.br\/#organization"},"potentialAction":[{"@type":"SearchAction","target":{"@type":"EntryPoint","urlTemplate":"https:\/\/imunova.com.br\/?s={search_term_string}"},"query-input":"required name=search_term_string"}],"inLanguage":"en-US"},{"@type":"Organization","@id":"https:\/\/imunova.com.br\/#organization","name":"Imunova","url":"https:\/\/imunova.com.br\/","logo":{"@type":"ImageObject","inLanguage":"en-US","@id":"https:\/\/imunova.com.br\/#\/schema\/logo\/image\/","url":"https:\/\/imunova.com.br\/wp-content\/uploads\/2023\/02\/logo-imunova-color.png","contentUrl":"https:\/\/imunova.com.br\/wp-content\/uploads\/2023\/02\/logo-imunova-color.png","width":4063,"height":936,"caption":"Imunova"},"image":{"@id":"https:\/\/imunova.com.br\/#\/schema\/logo\/image\/"}}]}},"_links":{"self":[{"href":"https:\/\/imunova.com.br\/en\/wp-json\/wp\/v2\/pages\/971"}],"collection":[{"href":"https:\/\/imunova.com.br\/en\/wp-json\/wp\/v2\/pages"}],"about":[{"href":"https:\/\/imunova.com.br\/en\/wp-json\/wp\/v2\/types\/page"}],"author":[{"embeddable":true,"href":"https:\/\/imunova.com.br\/en\/wp-json\/wp\/v2\/users\/1"}],"replies":[{"embeddable":true,"href":"https:\/\/imunova.com.br\/en\/wp-json\/wp\/v2\/comments?post=971"}],"version-history":[{"count":10,"href":"https:\/\/imunova.com.br\/en\/wp-json\/wp\/v2\/pages\/971\/revisions"}],"predecessor-version":[{"id":994,"href":"https:\/\/imunova.com.br\/en\/wp-json\/wp\/v2\/pages\/971\/revisions\/994"}],"wp:attachment":[{"href":"https:\/\/imunova.com.br\/en\/wp-json\/wp\/v2\/media?parent=971"}],"curies":[{"name":"wp","href":"https:\/\/api.w.org\/{rel}","templated":true}]}}